{"id":2476,"date":"2023-05-16T16:20:15","date_gmt":"2023-05-16T16:20:15","guid":{"rendered":"https:\/\/budapestexperiences.com\/shop\/wycieczki-helikopterem\/"},"modified":"2025-07-24T08:49:59","modified_gmt":"2025-07-24T08:49:59","slug":"wycieczki-helikopterem","status":"publish","type":"product","link":"https:\/\/budapestexperiences.com\/pl\/shop\/wycieczki-helikopterem\/","title":{"rendered":"Loty helikopterem nad Budapesztem"},"content":{"rendered":"<p>Naszym priorytetem jest najwy\u017cszy komfort, satysfakcja i bezpiecze\u0144stwo naszych go\u015bci podczas ekscytuj\u0105cych lot\u00f3w widokowych. Ka\u017cde nasze dzia\u0142anie i ka\u017cda pro\u015bba ma na celu realizacj\u0119 tych cel\u00f3w. <\/p>\n<p>Po starcie przelecimy nad Buda\u00f6rs, Gazdagr\u00e9t, Kelenf\u00f6ld i Wzg\u00f3rzem Gellerta, a\u017c do mostu Pet\u0151fi. St\u0105d mo\u017cemy podziwia\u0107 Budapeszt od po\u0142udnia, z widokiem z bliska na Wzg\u00f3rze Gellerta, Zamek Buda, Cytadel\u0119 i Wysp\u0119 Ma\u0142gorzaty. Po kilku rundach, aby mie\u0107 wystarczaj\u0105co du\u017co czasu na obserwacj\u0119, przelecimy nad Wzg\u00f3rzem Sz\u00e9chenyi, Normafa i Wzg\u00f3rzem J\u00e1nos, wykonuj\u0105c zakr\u0119t nad punktem widokowym Wzg\u00f3rza J\u00e1nos, mi\u0119dzy Pasar\u00e9t i H\u0171v\u00f6sv\u00f6lgy. Nast\u0119pnie, kieruj\u0105c si\u0119 na p\u00f3\u0142noc od Wzg\u00f3rza R\u00f3\u017c, przelecimy nad Wysp\u0105 Ma\u0142gorzaty. Z tego miejsca mo\u017cna podziwia\u0107 ca\u0142y Budapeszt. Zobaczysz Parlament, Zamek Buda, Baszt\u0119 Ryback\u0105, a tak\u017ce wszystkie mosty Budapesztu i oczywi\u015bcie stron\u0119 Pesztu, w tym obwodnice i Park Miejski, a wszystko to z lotu ptaka.     <\/p>\n<p><strong>SZCZEG\u00d3\u0141Y DO\u015aWIADCZENIA  <\/strong><\/p>\n<ul>\n<li><strong>Pakiet obejmuje lot widokowy dla maksymalnie 2-3 uczestnik\u00f3w.<\/strong><\/li>\n<li>Wylot: Lotnisko Buda\u00f6rs<\/li>\n<li>Maksymalna pojemno\u015b\u0107: 3 osoby (+ pilot). W locie mog\u0105 uczestniczy\u0107 co najmniej 2 osoby doros\u0142e i jedno dziecko. W przypadku 3 os\u00f3b doros\u0142ych ich \u0142\u0105czna waga nie mo\u017ce przekracza\u0107 210 kg.  <\/li>\n<\/ul>\n<ul>\n<li class=\"bullet-checkmark\">Instruktor i pilot m\u00f3wi\u0105cy po angielsku<\/li>\n<\/ul>\n","protected":false},"excerpt":{"rendered":"<p>Je\u015bli kiedykolwiek lecia\u0142e\u015b samolotem i my\u015blisz, \u017ce widzia\u0142e\u015b ju\u017c wszystko, pomy\u015bl jeszcze raz! \ud83d\ude09 Lot widokowy helikopterem oferuje niezr\u00f3wnane wra\u017cenia, kt\u00f3rych nie mo\u017cna por\u00f3wna\u0107 z niczym innym. Nasi wykwalifikowani piloci mog\u0105 wykonywa\u0107 zapieraj\u0105ce dech w piersiach manewry w powietrzu, kt\u00f3re s\u0105 po prostu niemo\u017cliwe w przypadku tradycyjnych samolot\u00f3w. Od pionowych start\u00f3w i l\u0105dowa\u0144 po ekscytuj\u0105ce manewry powietrzne, ka\u017cda chwila zostanie wyryta w pami\u0119ci na zawsze.   <\/p>\n<p>Lot widokowy helikopterem nie tylko odr\u00f3\u017cnia si\u0119 od przeja\u017cd\u017cek sta\u0142op\u0142atami, ale tak\u017ce zapewnia wyj\u0105tkow\u0105 perspektyw\u0119, gdy z gracj\u0105 unosisz si\u0119 nad miastem. \u017baden film ani zdj\u0119cie nie s\u0105 w stanie uchwyci\u0107 inspiruj\u0105cego uczucia ogl\u0105dania kultowych zabytk\u00f3w z punktu widokowego helikoptera. To do\u015bwiadczenie, kt\u00f3re trudno opisa\u0107 s\u0142owami &#8211; po prostu trzeba spr\u00f3bowa\u0107 samemu i odkry\u0107 jego magi\u0119.  <\/p>\n<p>Cena dotyczy grupy 3 os\u00f3b, dzi\u0119ki czemu jest to idealna przygoda do dzielenia si\u0119 z przyjaci\u00f3\u0142mi lub bliskimi. Podczas dokonywania rezerwacji mo\u017cesz wybra\u0107 czas trwania lotu, od 20, 30, 40, 50 do 60 minut. <\/p>\n<p>Odlatujemy z lotniska Buda\u00f6rs, kt\u00f3re jest dogodnie zlokalizowane i zapewnia \u0142atwy dost\u0119p.<\/p>\n<p>Zapoznaj si\u0119 z naszymi r\u00f3\u017cnymi trasami w zale\u017cno\u015bci od czasu trwania:<\/p>\n<ul>\n<li>20 minut: Podziwiaj pi\u0119kno Wyspy Ma\u0142gorzaty, unosz\u0105c si\u0119 nad ni\u0105.<\/li>\n<li>30 minut: Wyrusz w podr\u00f3\u017c do Szentendre, uroczego nadrzecznego miasteczka.<\/li>\n<li>40 minut: Rozkoszuj si\u0119 odleg\u0142ym widokiem na Visegr\u00e1d, jego majestatyczny zamek po\u0142o\u017cony na szczycie wzg\u00f3rz.<\/li>\n<li>50 minut: Wyrusz poza Visegr\u00e1d i odkryj ukryte skarby w okolicy.<\/li>\n<li>60 minut: Lot a\u017c do Esztergom, oferuj\u0105cego zapieraj\u0105ce dech w piersiach widoki i zabytki historyczne.<\/li>\n<\/ul>\n<p>Nie przegap tej niezwyk\u0142ej okazji, aby podnie\u015b\u0107 swoje wra\u017cenia z podr\u00f3\u017cy na nowy poziom. Zarezerwuj wycieczk\u0119 helikopterem ju\u017c dzi\u015b i pozw\u00f3l nam stworzy\u0107 wspomnienia, kt\u00f3re pozostan\u0105 z Tob\u0105 na zawsze! <\/p>\n","protected":false},"featured_media":1786,"comment_status":"open","ping_status":"closed","template":"","meta":{"_acf_changed":false},"product_brand":[],"product_cat":[110],"product_tag":[],"class_list":{"0":"post-2476","1":"product","2":"type-product","3":"status-publish","4":"has-post-thumbnail","6":"product_cat-bez-kategorii","7":"wcpa_has_options","9":"first","10":"instock","11":"sold-individually","12":"shipping-taxable","13":"purchasable","14":"product-type-variable","15":"has-default-attributes"},"acf":[],"wcpa_form_fields":{"wcpaData":{"product":{"product_price":320,"price_html":"<span class=\"woocommerce-Price-amount amount\" aria-hidden=\"true\"><bdi>320&nbsp;<span class=\"woocommerce-Price-currencySymbol\">&euro;<\/span><\/bdi><\/span> <span aria-hidden=\"true\">&ndash;<\/span> <span class=\"woocommerce-Price-amount amount\" aria-hidden=\"true\"><bdi>2200&nbsp;<span class=\"woocommerce-Price-currencySymbol\">&euro;<\/span><\/bdi><\/span><span class=\"screen-reader-text\">Zakres cen: od 320&nbsp;&euro; do 2200&nbsp;&euro;<\/span>","original_product_price":320,"price_including_tax":320,"price_excluding_tax":320,"product_id":{"parent":2476,"variation":false},"is_variable":true,"stock_status":"instock","stock_quantity":null,"parent_sku":"","product_attributes":{"pa_airport":{"is_variation":true,"values":[]},"pa_duration":{"is_variation":true,"values":[]},"pa_travellers":{"is_variation":true,"values":[]}},"custom_fields":[],"is_taxable":false,"product_name":"Loty helikopterem nad Budapesztem","hasImage":false},"fields":{"sec_764d4c9ea508de":{"extra":{"key":"sec_764d4c9ea508de","section_id":"sec_764d4c9ea508de","name":"Default","status":1,"cl_rule":"show","enableCl":false,"relations":[],"toggle":true,"title_tag":"h3","show_title":false,"showPrice":"default","form_id":2541,"form_rules":{"exclude_from_discount":false,"fee_label":"Fee","disp_hide_options_price":false,"disp_show_section_price":false,"disp_show_field_price":true,"layout_option":"standard","pric_use_as_fee":false,"process_fee_as":"woo_fee"},"layout_option":"standard"},"fields":[[{"active":true,"col":6,"relations":false,"cl_rule":"show","enableCl":false,"price":"","enablePrice":false,"className":"","label_position":"default","desc_position":"default","type":"radio-group","required":true,"elementId":"radio_4409984263","label":"Czy potrzebujesz transportu z centrum miasta?","name":"radio_4409984263","values":[{"label":"Tak","value":"yes","selected":false,"tempId":"aco_318","gt_translate_keys":["label"]},{"label":"Nie","value":"no","selected":false,"tempId":"aco_319","gt_translate_keys":["label"]}],"layOut":"","error":false,"checkUi":"","isWeightTemplate":false,"isTemplate":false,"min_quantity":"1","quantity_decimal":false,"quantity_step":"1","quantity_label":"Quantity","repeater_field_label":"{field_label}","repeater_bind":"","gt_translate_keys":["label","repeater_field_label","quantity_label"],"price_dependency":false,"cl_dependency":["number_364d4c9ea50914"],"value":""}],[{"active":true,"col":6,"relations":[{"operator":false,"rules":[{"operator":"AND","rules":{"cl_field":"radio_4409984263","cl_relation":"is","cl_val":"yes"}}]}],"cl_rule":"show","enableCl":true,"price":"","enablePrice":false,"className":"","label_position":"default","desc_position":"default","type":"number","required":false,"elementId":"number_364d4c9ea50914","label":"Liczba os\u00f3b do transportu","name":"number_364d4c9ea50914","value":"1","error":false,"enable_quantity":false,"quantity_label":"Person","max":"3","min":"1","requiredError":"To plan the transportation, please let us know how many people will be joining the program.","maxValueError":"This program is limited to a maximum of five individuals.","minValueError":"To plan the transportation, please let us know how many people will be joining the program.","gt_translate_keys":["label","value","quantity_label","requiredError","minValueError","maxValueError"],"price_dependency":false,"cl_dependency":false}],[{"active":true,"col":6,"relations":false,"cl_rule":"show","enableCl":false,"price":"","enablePrice":false,"className":"","label_position":"default","desc_position":"default","type":"date","required":true,"elementId":"date_264d4c9ea50921","name":"date_264d4c9ea50921","label":"Prosz\u0119 wybra\u0107 jeden lub wi\u0119cej dni, kt\u00f3re b\u0119d\u0105 odpowiednie na lot:","picker_type":"custom","picker_mode":"multiple","error":false,"date_pic_inline":true,"date_pic_inline_hide":true,"tooltip":"You can select more date ranges","min_date":{"type":"days","val":"1"},"hideFieldIn_cart":true,"hideFieldIn_order":false,"requiredError":"Tell us when you're free, so we can check availability.","gt_translate_keys":["label","tooltip","requiredError"],"price_dependency":false,"cl_dependency":false,"value":""}]]}},"config":{"price_override":"","enable_recaptcha":false,"bind_quantity":false,"quantity_bind_formula":false,"disp_summ_show_option_price":false,"disp_summ_show_product_price":false,"disp_summ_show_total_price":true,"disp_summ_show_fee":false,"disp_summ_show_discount":false,"summary_title":"","options_total_label":"Options Price","total_label":"Total","options_product_label":"Product Price","fee_label":"Fee","discount_label":"Discount","has_price":true,"has_quantity_formula":false},"mc_unit":1,"tax_rate":1,"tax_rate_real":1,"discount":{"percentage":0,"fixed":0},"design":{"conf":{"LabelPosition":"above","DescPosition":"above","UploadField":"custom_1","QuantityFieldStyle":"default"},"css":{"LeftLabelWidth":"120px"}},"formulas":[],"lookuptables":[],"clones":false,"cartKey":false}},"_links":{"self":[{"href":"https:\/\/budapestexperiences.com\/pl\/wp-json\/wp\/v2\/product\/2476","targetHints":{"allow":["GET"]}}],"collection":[{"href":"https:\/\/budapestexperiences.com\/pl\/wp-json\/wp\/v2\/product"}],"about":[{"href":"https:\/\/budapestexperiences.com\/pl\/wp-json\/wp\/v2\/types\/product"}],"replies":[{"embeddable":true,"href":"https:\/\/budapestexperiences.com\/pl\/wp-json\/wp\/v2\/comments?post=2476"}],"wp:featuredmedia":[{"embeddable":true,"href":"https:\/\/budapestexperiences.com\/pl\/wp-json\/wp\/v2\/media\/1786"}],"wp:attachment":[{"href":"https:\/\/budapestexperiences.com\/pl\/wp-json\/wp\/v2\/media?parent=2476"}],"wp:term":[{"taxonomy":"product_brand","embeddable":true,"href":"https:\/\/budapestexperiences.com\/pl\/wp-json\/wp\/v2\/product_brand?post=2476"},{"taxonomy":"product_cat","embeddable":true,"href":"https:\/\/budapestexperiences.com\/pl\/wp-json\/wp\/v2\/product_cat?post=2476"},{"taxonomy":"product_tag","embeddable":true,"href":"https:\/\/budapestexperiences.com\/pl\/wp-json\/wp\/v2\/product_tag?post=2476"}],"curies":[{"name":"wp","href":"https:\/\/api.w.org\/{rel}","templated":true}]}}