{"id":2452,"date":"2023-05-16T16:20:56","date_gmt":"2023-05-16T16:20:56","guid":{"rendered":"https:\/\/budapestexperiences.com\/shop\/wycieczki-atv-quad-w-budapeszcie\/"},"modified":"2025-07-24T08:32:41","modified_gmt":"2025-07-24T08:32:41","slug":"wycieczki-atv-quad-w-budapeszcie","status":"publish","type":"product","link":"https:\/\/budapestexperiences.com\/pl\/shop\/wycieczki-atv-quad-w-budapeszcie\/","title":{"rendered":"Jazda quadem w okolicach Budapesztu"},"content":{"rendered":"<p>W ramach ciep\u0142ego powitania zapraszamy na bezp\u0142atny pocz\u0119stunek, w tym napoje bezalkoholowe, kaw\u0119 i herbat\u0119, w naszym przytulnym i klimatyzowanym salonie.<\/p>\n<p>Mo\u017cesz mie\u0107 pewno\u015b\u0107, \u017ce Twoja wycieczka b\u0119dzie w pe\u0142ni spersonalizowana. Nie b\u0119dziemy utrudnia\u0107 Twojej przygody, ograniczaj\u0105c pr\u0119dko\u015b\u0107 lub zniech\u0119caj\u0105c do \u015bmia\u0142ych manewr\u00f3w. Chcemy, aby\u015b jak najlepiej wykorzysta\u0142 siebie i QUAD-a! W\u0142a\u015bnie dlatego oferujemy bezp\u0142atn\u0105 ocen\u0119 umiej\u0119tno\u015bci przed ka\u017cd\u0105 wycieczk\u0105, zapewniaj\u0105c, \u017ce otrzymasz niezb\u0119dne szkolenie bez uszczerbku dla czasu wycieczki.   <\/p>\n<ul>\n<li>Prawo jazdy nie jest wymagane do zdobycia tego do\u015bwiadczenia.<\/li>\n<li>Limit wieku: od 16 lat<\/li>\n<li>Do\u015bwiadczenie, kt\u00f3rego mo\u017cna pr\u00f3bowa\u0107 przez ca\u0142y rok!<\/li>\n<\/ul>\n<p><strong>Cena obejmuje:<\/strong><\/p>\n<ul>\n<li class=\"bullet-checkmark\">Bezp\u0142atny transfer dla 2-4 os\u00f3b<\/li>\n<li class=\"bullet-checkmark\">Powitalna kawa lub napoje bezalkoholowe<\/li>\n<li class=\"bullet-checkmark\">Bezp\u0142atne szkolenie z profesjonalnym instruktorem przed wycieczk\u0105.<\/li>\n<li class=\"bullet-checkmark\">Instruktor m\u00f3wi\u0105cy po angielsku<\/li>\n<\/ul>\n","protected":false},"excerpt":{"rendered":"<p><strong>Odkryj wyj\u0105tkowo\u015b\u0107 dzi\u0119ki naszym ekskluzywnym wycieczkom QUAD!<\/strong><\/p>\n<p>\u017badnych granic, \u017cadnych zahamowa\u0144! Nie b\u0119dziemy Ci\u0119 ogranicza\u0107, a jedynie zach\u0119ca\u0107 do wci\u015bni\u0119cia gazu! Uwolnij sw\u00f3j prawdziwy potencja\u0142 i poczuj dreszczyk emocji dzi\u0119ki naszym najwy\u017cszej klasy pojazdom QUAD. Od ekscytuj\u0105cych drift\u00f3w po szybuj\u0105ce skoki, wyb\u00f3r nale\u017cy do Ciebie!   <\/p>\n<p>Ka\u017cda wycieczka z nami to do\u015bwiadczenie VIP, dostosowane wy\u0142\u0105cznie do Ciebie. B\u0119dziesz jedynym uczestnikiem, otrzymuj\u0105c nasz\u0105 niepodzieln\u0105 uwag\u0119 podczas ca\u0142ej podr\u00f3\u017cy. <\/p>\n<p>Podczas naszych prywatnych wycieczek mo\u017cesz odkrywa\u0107 wszystko, co le\u017cy w zasi\u0119gu Twoich mo\u017cliwo\u015bci. Zapewniamy ca\u0142y niezb\u0119dny sprz\u0119t, od r\u0119kawic po kaski i odzie\u017c ochronn\u0105, dzi\u0119ki czemu mo\u017cesz bez obaw wyruszy\u0107 w ekscytuj\u0105c\u0105 podr\u00f3\u017c. <\/p>\n<p>Do\u0142\u0105cz do nas i pozw\u00f3l nam na nowo zdefiniowa\u0107 granice przygody. Przygotuj si\u0119 na niezapomniane do\u015bwiadczenie QUAD jak \u017cadne inne! <\/p>\n","protected":false},"featured_media":1726,"comment_status":"open","ping_status":"closed","template":"","meta":{"_acf_changed":false},"product_brand":[],"product_cat":[110],"product_tag":[],"class_list":{"0":"post-2452","1":"product","2":"type-product","3":"status-publish","4":"has-post-thumbnail","6":"product_cat-bez-kategorii","7":"wcpa_has_options","9":"first","10":"instock","11":"sold-individually","12":"shipping-taxable","13":"purchasable","14":"product-type-variable"},"acf":[],"wcpa_form_fields":{"wcpaData":{"product":{"product_price":90,"price_html":"<span class=\"woocommerce-Price-amount amount\" aria-hidden=\"true\"><bdi>90&nbsp;<span class=\"woocommerce-Price-currencySymbol\">&euro;<\/span><\/bdi><\/span> <span aria-hidden=\"true\">&ndash;<\/span> <span class=\"woocommerce-Price-amount amount\" aria-hidden=\"true\"><bdi>150&nbsp;<span class=\"woocommerce-Price-currencySymbol\">&euro;<\/span><\/bdi><\/span><span class=\"screen-reader-text\">Zakres cen: od 90&nbsp;&euro; do 150&nbsp;&euro;<\/span>","original_product_price":90,"price_including_tax":90,"price_excluding_tax":90,"product_id":{"parent":2452,"variation":false},"is_variable":true,"stock_status":"instock","stock_quantity":null,"parent_sku":"","product_attributes":{"pa_duration":{"is_variation":true,"values":[]}},"custom_fields":[],"is_taxable":false,"product_name":"Jazda quadem w okolicach Budapesztu","hasImage":false},"fields":{"sec_364d49899d9a2f":{"extra":{"key":"sec_364d49899d9a2f","section_id":"sec_364d49899d9a2f","name":"Default","status":1,"cl_rule":"show","enableCl":false,"relations":[],"toggle":true,"title_tag":"h3","show_title":false,"showPrice":"default","form_id":2536,"form_rules":{"exclude_from_discount":false,"fee_label":"Fee","disp_hide_options_price":false,"disp_show_section_price":false,"disp_show_field_price":true,"layout_option":"standard","pric_use_as_fee":false,"process_fee_as":"woo_fee"},"layout_option":"standard"},"fields":[[{"active":true,"col":3,"relations":false,"cl_rule":"show","enableCl":false,"price":"{product_price}*{value}","enablePrice":true,"className":"","label_position":"default","desc_position":"default","type":"number","required":true,"elementId":"number_6545228101","label":"Liczba quad\u00f3w \/ pojazd\u00f3w ATV?","name":"number_6545228101","value":"2","error":false,"placeholder":"2","pricingType":"custom","isTemplate":false,"requiredError":"To help with planning, could you please let us know how many quads \/ ATVs you'll need for the trip?","minValueError":"The trip starts with a minimum of two individuals.","min":"2","gt_translate_keys":["label","placeholder","value","requiredError","minValueError"],"price_dependency":false,"cl_dependency":false},{"label":"Ile z nich jest dwuosobowych?","active":true,"required":true,"elementId":"number-4646366624","value":"0","placeholder":"If you would like to travel together","name":"number-4646366624","label_position":"default","desc_position":"default","enablePrice":true,"className":"","enableCl":false,"relations":false,"pricingType":"custom","price":"{product_price}*{value}","use_as_fee":true,"cl_rule":"show","col":3,"type":"number","error":false,"isTemplate":false,"min":"0","requiredError":"To help with planning, could you please let us know how many 2 seater quads \/ ATVs you'll need for the trip?","minValueError":"To help with planning, could you please let us know how many 2 seater quads \/ ATVs you'll need for the trip?","tooltip":"You can share a Quad\/ATV with another person, but kindly let us know how many 2-seater Quads you'll require.","gt_translate_keys":["label","placeholder","value","tooltip","requiredError","minValueError"],"price_dependency":false,"cl_dependency":false}],[{"active":true,"col":6,"relations":false,"cl_rule":"show","enableCl":false,"price":"","enablePrice":false,"className":"","label_position":"default","desc_position":"default","type":"radio-group","required":true,"elementId":"radio_4507715194","label":"Czy potrzebujesz transportu z centrum miasta?","name":"radio_4507715194","values":[{"label":"Tak","value":"yes","selected":false,"tempId":"aco_249","gt_translate_keys":["label"]},{"label":"Nie","value":"no","selected":false,"tempId":"aco_250","gt_translate_keys":["label"]}],"layOut":"","error":false,"checkUi":"","isWeightTemplate":false,"isTemplate":false,"min_quantity":"1","quantity_decimal":false,"quantity_step":"1","quantity_label":"Quantity","repeater_field_label":"{field_label}","repeater_bind":"","gt_translate_keys":["label","repeater_field_label","quantity_label"],"price_dependency":false,"cl_dependency":["number_1064d49899d9a5e"],"value":""}],[{"active":true,"col":6,"relations":[{"operator":false,"rules":[{"operator":"AND","rules":{"cl_field":"radio_4507715194","cl_relation":"is","cl_val":"yes"}}]}],"cl_rule":"show","enableCl":true,"price":"","enablePrice":false,"className":"","label_position":"default","desc_position":"default","type":"number","required":false,"elementId":"number_1064d49899d9a5e","label":"Liczba os\u00f3b do transportu","name":"number_1064d49899d9a5e","value":"2","error":false,"enable_quantity":false,"quantity_label":"Person","min":"2","minValueError":"The trip starts with a minimum of two individuals.To plan the transportation, please let us know how many people will be joining the program","requiredError":"To plan the transportation, please let us know how many people will be joining the program","gt_translate_keys":["label","value","quantity_label","requiredError","minValueError"],"price_dependency":false,"cl_dependency":false}],[{"active":true,"col":6,"relations":false,"cl_rule":"show","enableCl":false,"price":"","enablePrice":false,"className":"","label_position":"default","desc_position":"default","type":"date","required":true,"elementId":"date_564d49899d9a6f","name":"date_564d49899d9a6f","label":"Prosz\u0119 wybra\u0107 jeden lub wi\u0119cej dni, kt\u00f3re b\u0119d\u0105 odpowiednie na wycieczk\u0119:","picker_type":"custom","picker_mode":"multiple","error":false,"date_pic_inline":true,"date_pic_inline_hide":true,"tooltip":"You can select more date ranges","min_date":{"type":"days","val":"1"},"hideFieldIn_cart":true,"hideFieldIn_order":false,"requiredError":"Tell us when you're free, so we can check availability.","gt_translate_keys":["label","tooltip","requiredError"],"price_dependency":false,"cl_dependency":false,"value":""}]]}},"config":{"price_override":"","enable_recaptcha":false,"bind_quantity":false,"quantity_bind_formula":false,"disp_summ_show_option_price":false,"disp_summ_show_product_price":false,"disp_summ_show_total_price":true,"disp_summ_show_fee":false,"disp_summ_show_discount":false,"summary_title":"","options_total_label":"Options Price","total_label":"Total","options_product_label":"Product Price","fee_label":"Fee","discount_label":"Discount","has_price":true,"has_quantity_formula":false},"mc_unit":1,"tax_rate":1,"tax_rate_real":1,"discount":{"percentage":0,"fixed":0},"design":{"conf":{"LabelPosition":"above","DescPosition":"above","UploadField":"custom_1","QuantityFieldStyle":"default"},"css":{"LeftLabelWidth":"120px"}},"formulas":[],"lookuptables":[],"clones":false,"cartKey":false}},"_links":{"self":[{"href":"https:\/\/budapestexperiences.com\/pl\/wp-json\/wp\/v2\/product\/2452","targetHints":{"allow":["GET"]}}],"collection":[{"href":"https:\/\/budapestexperiences.com\/pl\/wp-json\/wp\/v2\/product"}],"about":[{"href":"https:\/\/budapestexperiences.com\/pl\/wp-json\/wp\/v2\/types\/product"}],"replies":[{"embeddable":true,"href":"https:\/\/budapestexperiences.com\/pl\/wp-json\/wp\/v2\/comments?post=2452"}],"wp:featuredmedia":[{"embeddable":true,"href":"https:\/\/budapestexperiences.com\/pl\/wp-json\/wp\/v2\/media\/1726"}],"wp:attachment":[{"href":"https:\/\/budapestexperiences.com\/pl\/wp-json\/wp\/v2\/media?parent=2452"}],"wp:term":[{"taxonomy":"product_brand","embeddable":true,"href":"https:\/\/budapestexperiences.com\/pl\/wp-json\/wp\/v2\/product_brand?post=2452"},{"taxonomy":"product_cat","embeddable":true,"href":"https:\/\/budapestexperiences.com\/pl\/wp-json\/wp\/v2\/product_cat?post=2452"},{"taxonomy":"product_tag","embeddable":true,"href":"https:\/\/budapestexperiences.com\/pl\/wp-json\/wp\/v2\/product_tag?post=2452"}],"curies":[{"name":"wp","href":"https:\/\/api.w.org\/{rel}","templated":true}]}}