{"id":2428,"date":"2023-05-30T07:11:24","date_gmt":"2023-05-30T07:11:24","guid":{"rendered":"https:\/\/budapestexperiences.com\/shop\/wycieczki-samochodowe-tank\/"},"modified":"2026-01-27T09:17:12","modified_gmt":"2026-01-27T09:17:12","slug":"wycieczki-samochodowe-tank","status":"publish","type":"product","link":"https:\/\/budapestexperiences.com\/pl\/shop\/wycieczki-samochodowe-tank\/","title":{"rendered":"Przeja\u017cd\u017cki czo\u0142giem w Budapeszcie"},"content":{"rendered":"<p>Wybierz z naszej oferty zbiornik\u00f3w:<\/p>\n<ul>\n<li>MTLB: Nasz najpopularniejszy czo\u0142g, zapewniaj\u0105cy autentyczne wra\u017cenia z jazdy czo\u0142giem dzi\u0119ki sterowaniu uk\u0142adem hamulcowym. Gor\u0105co polecamy t\u0119 opcj\u0119. Kluczowe dane techniczne: Silnik o pojemno\u015bci 16 000 cm3, moc 240 KM, masa 12 ton.  <\/li>\n<li>SAUER 4K 4FA: Uosobienie ch\u0142odu (na zdj\u0119ciu czarny bak). Posiada prosty mechanizm kierowniczy podobny do tego w zwyk\u0142ym samochodzie, z automatyczn\u0105 skrzyni\u0105 bieg\u00f3w. U\u0142atwia to nauk\u0119 i umo\u017cliwia pocz\u0105tkuj\u0105cym osi\u0105ganie ekscytuj\u0105cych pr\u0119dko\u015bci. Kluczowe dane techniczne: Silnik o pojemno\u015bci 6800 cm3, moc 250 KM, waga 12,5 tony.   <\/li>\n<li>VT55: Behemot. Ten czo\u0142g wa\u017cy ponad 40 ton, st\u0105d jego przydomek. Jego obs\u0142uga wymaga wi\u0119kszych umiej\u0119tno\u015bci, dzi\u0119ki czemu jest idealny dla tych, kt\u00f3rzy maj\u0105 ju\u017c do\u015bwiadczenie w prowadzeniu czo\u0142g\u00f3w. Prowadzenie tego potwora po raz pierwszy mo\u017ce nie by\u0107 tak przyjemne, jak w przypadku innych opcji. Kluczowe dane techniczne: Silnik o pojemno\u015bci 38 800 cm3, moc 630 KM, waga 41 ton.    <\/li>\n<\/ul>\n<p>Poczuj adrenalin\u0119 i moc jazdy czo\u0142giem jak nigdy dot\u0105d!<\/p>\n<ul>\n<li>Ograniczenie wiekowe: 16 lat (poni\u017cej 18 lat wymaga nadzoru rodzicielskiego).<\/li>\n<li>Czo\u0142g VT-55 mo\u017ce by\u0107 prowadzony przez osoby w wieku co najmniej 20 lat.<\/li>\n<li>Wielko\u015b\u0107 grupy: 1 kierowca + maksymalnie 8-10 os\u00f3b towarzysz\u0105cych. Prawo jazdy nie jest wymagane. <\/li>\n<li>Do prowadzenia czo\u0142gu VT-55 wymagane jest co najmniej 2-letnie do\u015bwiadczenie w prowadzeniu pojazd\u00f3w.<\/li>\n<\/ul>\n<p><strong>Cena obejmuje:<\/strong><\/p>\n<ul>\n<li class=\"bullet-checkmark\">Bezp\u0142atny transfer dla 10 os\u00f3b<\/li>\n<li class=\"bullet-checkmark\">Jazda czo\u0142giem dla 1-3 os\u00f3b (w zale\u017cno\u015bci od pakietu, pozosta\u0142e osoby podr\u00f3\u017cuj\u0105 czo\u0142giem jako pasa\u017cerowie)<\/li>\n<li class=\"bullet-checkmark\">Trening z profesjonalnym instruktorem.<\/li>\n<li class=\"bullet-checkmark\">Instruktor m\u00f3wi\u0105cy po angielsku<\/li>\n<\/ul>\n","protected":false},"excerpt":{"rendered":"<p><strong>Jak mo\u017cemy podzieli\u0107 si\u0119 z kimkolwiek niesamowitymi wra\u017ceniami, kt\u00f3re mo\u017cna poczu\u0107 przed, w trakcie i po je\u017adzie czo\u0142giem?<\/strong>  Wierzymy, \u017ce technologia zdolna do uchwycenia tego do\u015bwiadczenia nie zosta\u0142a jeszcze wynaleziona.<\/p>\n<p>Jazda czo\u0142giem oferuje naprawd\u0119 wyj\u0105tkow\u0105 przygod\u0119. W przeciwie\u0144stwie do zwyk\u0142ych kierownic, czo\u0142gami manewruje si\u0119 na torze za pomoc\u0105 uk\u0142adu hamulcowego, co pozwala odkrywa\u0107 miejsca, kt\u00f3re wydaj\u0105 si\u0119 niewyobra\u017calne nawet dla ludzkiego umys\u0142u. <\/p>\n<p>To niezapomniane prze\u017cycie z pewno\u015bci\u0105 wprawi w zachwyt zar\u00f3wno kierowc\u00f3w, jak i pasa\u017cer\u00f3w. Z nami masz okazj\u0119 wypr\u00f3bowa\u0107 r\u00f3\u017cne czo\u0142gi i pojazdy bojowe. Gdy te kolosalne i niezwykle pot\u0119\u017cne g\u0105sienicowe bestie rusz\u0105, poczujesz niepowstrzyman\u0105 si\u0142\u0119, kt\u00f3ra popchnie Ci\u0119 do przodu.  <\/p>\n<p>Program obejmuje 3+1 rund jazdy. Runda +1 oznacza jazd\u0119 z naszym profesjonalnym instruktorem, co oznacza ogromne do\u015bwiadczenie dla pasa\u017cer\u00f3w, poniewa\u017c instruktor prowadzi czo\u0142g z zupe\u0142nie inn\u0105 pr\u0119dko\u015bci\u0105 i manewrami. <\/p>\n<p>Czas trwania programu wynosi oko\u0142o 1 godziny. <\/p>\n","protected":false},"featured_media":1830,"comment_status":"open","ping_status":"closed","template":"","meta":{"_acf_changed":false},"product_brand":[],"product_cat":[110],"product_tag":[],"class_list":{"0":"post-2428","1":"product","2":"type-product","3":"status-publish","4":"has-post-thumbnail","6":"product_cat-bez-kategorii","7":"wcpa_has_options","9":"first","10":"instock","11":"shipping-taxable","12":"purchasable","13":"product-type-variable"},"acf":[],"wcpa_form_fields":{"wcpaData":{"product":{"product_price":450,"price_html":"<span class=\"woocommerce-Price-amount amount\"><bdi>450&nbsp;<span class=\"woocommerce-Price-currencySymbol\">&euro;<\/span><\/bdi><\/span>","original_product_price":450,"price_including_tax":450,"price_excluding_tax":450,"product_id":{"parent":2428,"variation":false},"is_variable":true,"stock_status":"instock","stock_quantity":null,"parent_sku":"","product_attributes":{"pa_tank_type":{"is_variation":true,"values":[]}},"custom_fields":[],"is_taxable":false,"product_name":"Przeja\u017cd\u017cki czo\u0142giem w Budapeszcie","hasImage":false},"fields":{"sec_964d4cc5e4f6b8":{"extra":{"key":"sec_964d4cc5e4f6b8","section_id":"sec_964d4cc5e4f6b8","name":"Default","status":1,"cl_rule":"show","enableCl":false,"relations":[],"toggle":true,"title_tag":"h3","show_title":false,"showPrice":"default","form_id":2540,"form_rules":{"exclude_from_discount":false,"fee_label":"Fee","disp_hide_options_price":false,"disp_show_section_price":false,"disp_show_field_price":true,"layout_option":"standard","pric_use_as_fee":false,"process_fee_as":"woo_fee"},"layout_option":"standard"},"fields":[[{"active":true,"col":6,"relations":false,"cl_rule":"show","enableCl":false,"price":"200","enablePrice":false,"className":"","label_position":"default","desc_position":"default","type":"radio-group","required":true,"elementId":"radio_6943395591","label":"Czy potrzebujesz transportu z centrum miasta?","name":"radio_6943395591","values":[{"label":"Tak","value":"yes","selected":false,"tempId":"aco_52","price":"200","gt_translate_keys":["label"]},{"label":"Nie","value":"no","selected":false,"tempId":"aco_53","price":"0","gt_translate_keys":["label"]}],"layOut":"","error":false,"checkUi":"","isWeightTemplate":false,"isTemplate":false,"min_quantity":"1","quantity_decimal":false,"quantity_step":"1","quantity_label":"Quantity","repeater_field_label":"{field_label}","repeater_bind":"","priceOptions":"different_for_all","pricingType":"fixed","use_as_fee":true,"gt_translate_keys":["label","repeater_field_label","quantity_label"],"price_dependency":false,"cl_dependency":["number_964d4cc5e4f732"],"value":""}],[{"active":true,"col":6,"relations":[{"operator":false,"rules":[{"operator":"AND","rules":{"cl_field":"radio_6943395591","cl_relation":"is","cl_val":"yes"}}]}],"cl_rule":"show","enableCl":true,"price":"","enablePrice":false,"className":"","label_position":"default","desc_position":"default","type":"number","required":false,"elementId":"number_964d4cc5e4f732","label":"Liczba os\u00f3b do transportu","name":"number_964d4cc5e4f732","value":"1","error":false,"enable_quantity":false,"quantity_label":"Person","max":"10","min":"1","requiredError":"To plan the transportation, please let us know how many people will be joining the program.","maxValueError":"This program is limited to a maximum of ten individuals.","minValueError":"To plan the transportation, please let us know how many people will be joining the program.","gt_translate_keys":["label","value","quantity_label","requiredError","minValueError","maxValueError"],"price_dependency":false,"cl_dependency":false}],[{"active":true,"col":6,"relations":false,"cl_rule":"show","enableCl":false,"price":"","enablePrice":false,"className":"","label_position":"default","desc_position":"default","type":"date","required":true,"elementId":"date_664d4cc5e4f745","name":"date_664d4cc5e4f745","label":"Prosz\u0119 wybra\u0107 jeden lub wi\u0119cej dni, kt\u00f3re b\u0119d\u0105 odpowiednie na jazd\u0119 czo\u0142giem:","picker_type":"custom","picker_mode":"multiple","error":false,"date_pic_inline":true,"date_pic_inline_hide":true,"tooltip":"You can select more date ranges","min_date":{"type":"days","val":"1"},"hideFieldIn_cart":true,"hideFieldIn_order":false,"requiredError":"Tell us when you're free, so we can check availability.","gt_translate_keys":["label","tooltip","requiredError"],"price_dependency":false,"cl_dependency":false,"value":""}]]}},"config":{"price_override":"","enable_recaptcha":false,"bind_quantity":false,"quantity_bind_formula":false,"disp_summ_show_option_price":false,"disp_summ_show_product_price":false,"disp_summ_show_total_price":true,"disp_summ_show_fee":false,"disp_summ_show_discount":false,"summary_title":"","options_total_label":"Options Price","total_label":"Total","options_product_label":"Product Price","fee_label":"Fee","discount_label":"Discount","has_price":true,"has_quantity_formula":false},"mc_unit":1,"tax_rate":1,"tax_rate_real":1,"discount":{"percentage":0,"fixed":0},"design":{"conf":{"LabelPosition":"above","DescPosition":"above","UploadField":"custom_1","QuantityFieldStyle":"default"},"css":{"LeftLabelWidth":"120px"}},"formulas":[],"lookuptables":[],"clones":false,"cartKey":false}},"_links":{"self":[{"href":"https:\/\/budapestexperiences.com\/pl\/wp-json\/wp\/v2\/product\/2428","targetHints":{"allow":["GET"]}}],"collection":[{"href":"https:\/\/budapestexperiences.com\/pl\/wp-json\/wp\/v2\/product"}],"about":[{"href":"https:\/\/budapestexperiences.com\/pl\/wp-json\/wp\/v2\/types\/product"}],"replies":[{"embeddable":true,"href":"https:\/\/budapestexperiences.com\/pl\/wp-json\/wp\/v2\/comments?post=2428"}],"wp:featuredmedia":[{"embeddable":true,"href":"https:\/\/budapestexperiences.com\/pl\/wp-json\/wp\/v2\/media\/1830"}],"wp:attachment":[{"href":"https:\/\/budapestexperiences.com\/pl\/wp-json\/wp\/v2\/media?parent=2428"}],"wp:term":[{"taxonomy":"product_brand","embeddable":true,"href":"https:\/\/budapestexperiences.com\/pl\/wp-json\/wp\/v2\/product_brand?post=2428"},{"taxonomy":"product_cat","embeddable":true,"href":"https:\/\/budapestexperiences.com\/pl\/wp-json\/wp\/v2\/product_cat?post=2428"},{"taxonomy":"product_tag","embeddable":true,"href":"https:\/\/budapestexperiences.com\/pl\/wp-json\/wp\/v2\/product_tag?post=2428"}],"curies":[{"name":"wp","href":"https:\/\/api.w.org\/{rel}","templated":true}]}}