{"id":2418,"date":"2023-05-16T09:24:17","date_gmt":"2023-05-16T09:24:17","guid":{"rendered":"https:\/\/budapestexperiences.com\/shop\/driftingowe-doswiadczenia-w-budapeszcie\/"},"modified":"2025-07-18T11:49:56","modified_gmt":"2025-07-18T11:49:56","slug":"driftingowe-doswiadczenia-w-budapeszcie","status":"publish","type":"product","link":"https:\/\/budapestexperiences.com\/pl\/shop\/driftingowe-doswiadczenia-w-budapeszcie\/","title":{"rendered":"Driftingowe do\u015bwiadczenia w Budapeszcie"},"content":{"rendered":"<p>Przygotuj si\u0119: otworzy si\u0119 przed Tob\u0105 zupe\u0142nie nowy i ekscytuj\u0105cy \u015bwiat, w kt\u00f3rym poczujesz samoch\u00f3d bardziej ni\u017c kiedykolwiek.<\/p>\n<p>Z nami program nie zako\u0144czy si\u0119, gdy pierwszy zestaw opon zostanie spalony. Je\u015bli tak si\u0119 stanie, po szybkiej zmianie opon drifting b\u0119dzie kontynuowany. <\/p>\n<p><strong>Cena obejmuje:<\/strong><\/p>\n<ul>\n<li class=\"bullet-checkmark\">Bezp\u0142atny transfer dla 4 os\u00f3b<\/li>\n<li class=\"bullet-checkmark\">Trening z profesjonalnym instruktorem.<\/li>\n<li class=\"bullet-checkmark\">Instruktor m\u00f3wi\u0105cy po angielsku<\/li>\n<li class=\"bullet-checkmark\">Prowadzenie profesjonalnego samochodu do driftu<\/li>\n<li class=\"bullet-checkmark\">Niesko\u0144czone paliwo i opony<\/li>\n<\/ul>\n<p><strong>Cena NIE obejmuje:<\/strong><\/p>\n<ul>\n<li class=\"bullet-star\">Twoi znajomi nie mog\u0105 spr\u00f3bowa\u0107 driftu, ale mog\u0105 go zobaczy\u0107.<\/li>\n<li class=\"bullet-star\">Nie mo\u017cesz wybiera\u0107 spo\u015br\u00f3d driftowoz\u00f3w<\/li>\n<li class=\"bullet-star\">Nie mo\u017cesz dryfowa\u0107, je\u015bli masz 9 lat lub mniej.<\/li>\n<\/ul>\n<p><strong>Co powinienem zabra\u0107?<\/strong><\/p>\n<ul>\n<li>Sugerujemy noszenie wygodnych ubra\u0144. Niezale\u017cnie od pogody nale\u017cy nosi\u0107 d\u0142ugie spodnie i d\u0142ugie r\u0119kawy. <\/li>\n<li>Upewnij si\u0119, \u017ce przyjdziesz w butach, kt\u00f3rych u\u017cywasz do codziennej jazdy. Je\u015bli jeste\u015b kobiet\u0105 i mo\u017cesz je\u017adzi\u0107 na wysokich obcasach, we\u017a ze sob\u0105 r\u00f3wnie\u017c buty na p\u0142askiej podeszwie \ud83d\ude42 <\/li>\n<li>Wystarczy, \u017ce przyniesiesz ze sob\u0105 ten voucher do programu, my zapewniamy wszystko inne.<\/li>\n<li>NIE musisz posiada\u0107 wa\u017cnego prawa jazdy.<\/li>\n<\/ul>\n","protected":false},"excerpt":{"rendered":"<p>B\u0119dziesz m\u00f3g\u0142 zasmakowa\u0107 tego wyj\u0105tkowego i niesamowitego uczucia, kt\u00f3re ka\u017cdy odczuwa podczas jazdy samochodem driftowym o masie mniejszej ni\u017c 1000 kg i mocy prawie 300 koni mechanicznych. Je\u015bli kiedykolwiek widzia\u0142e\u015b samoch\u00f3d driftowy z bliska i lubisz je\u017adzi\u0107, z pewno\u015bci\u0105 jednym z twoich marze\u0144 jest wypr\u00f3bowanie go. <\/p>\n<p>Teraz masz szans\u0119 nauczy\u0107 si\u0119 podstawowych technik od profesjonalnego kierowcy driftowego, takich jak obracanie si\u0119, obracanie o 180 stopni, a je\u015bli jeste\u015b wystarczaj\u0105co dobry, mo\u017cesz mie\u0107 wystarczaj\u0105co du\u017co czasu, aby nawet nauczy\u0107 si\u0119 robi\u0107 b\u0105czki, skr\u0119ca\u0107 hamulcem r\u0119cznym<\/p>\n<p>Jedno jest absolutnie gwarantowane: b\u0119dzie to dla Ciebie niezapomniane prze\u017cycie z ogromn\u0105 dawk\u0105 adrenaliny.<\/p>\n<p><strong>Prosimy o wybranie daty, w kt\u00f3rej chcia\u0142by\u015b\/chcia\u0142aby\u015b wzi\u0105\u0107 udzia\u0142 w szkoleniu:<\/strong><\/p>\n","protected":false},"featured_media":671,"comment_status":"open","ping_status":"closed","template":"","meta":{"_acf_changed":false},"product_brand":[],"product_cat":[110],"product_tag":[],"class_list":{"0":"post-2418","1":"product","2":"type-product","3":"status-publish","4":"has-post-thumbnail","6":"product_cat-bez-kategorii","7":"wcpa_has_options","9":"first","10":"outofstock","11":"sold-individually","12":"shipping-taxable","13":"purchasable","14":"product-type-variable"},"acf":[],"wcpa_form_fields":{"wcpaData":{"product":{"product_price":250,"price_html":"<span class=\"woocommerce-Price-amount amount\" aria-hidden=\"true\"><bdi>250&nbsp;<span class=\"woocommerce-Price-currencySymbol\">&euro;<\/span><\/bdi><\/span> <span aria-hidden=\"true\">&ndash;<\/span> <span class=\"woocommerce-Price-amount amount\" aria-hidden=\"true\"><bdi>550&nbsp;<span class=\"woocommerce-Price-currencySymbol\">&euro;<\/span><\/bdi><\/span><span class=\"screen-reader-text\">Zakres cen: od 250&nbsp;&euro; do 550&nbsp;&euro;<\/span>","original_product_price":250,"price_including_tax":250,"price_excluding_tax":250,"product_id":{"parent":2418,"variation":false},"is_variable":true,"stock_status":"outofstock","stock_quantity":null,"parent_sku":"","product_attributes":{"pa_duration":{"is_variation":true,"values":[]}},"custom_fields":[],"is_taxable":false,"product_name":"Driftingowe do\u015bwiadczenia w Budapeszcie","hasImage":false},"fields":{"sec_4647f3060c827a":{"extra":{"key":"sec_4647f3060c827a","section_id":"sec_4647f3060c827a","name":"Default","status":1,"cl_rule":"show","enableCl":false,"relations":[],"toggle":true,"title_tag":"h3","show_title":false,"showPrice":"default","form_id":2533,"form_rules":{"exclude_from_discount":false,"fee_label":"Fee","disp_hide_options_price":false,"disp_show_section_price":false,"disp_show_field_price":true,"layout_option":"standard","pric_use_as_fee":false,"process_fee_as":"woo_fee"},"layout_option":"standard"},"fields":[[{"active":true,"col":6,"relations":false,"cl_rule":"show","enableCl":false,"price":"","enablePrice":false,"className":"","label_position":"default","desc_position":"default","type":"radio-group","required":true,"elementId":"radio_4536560360","label":"Czy potrzebujesz transportu z centrum miasta?","name":"radio_4536560360","values":[{"label":"Tak","value":"yes","selected":false,"tempId":"aco_415","gt_translate_keys":["label"]},{"label":"Nie","value":"no","selected":false,"tempId":"aco_416","gt_translate_keys":["label"]}],"layOut":"","error":false,"checkUi":"","isWeightTemplate":false,"isTemplate":false,"min_quantity":"1","quantity_decimal":false,"quantity_step":"1","quantity_label":"Quantity","repeater_field_label":"{field_label}","repeater_bind":"","gt_translate_keys":["label","repeater_field_label","quantity_label"],"price_dependency":false,"cl_dependency":["number_7137198987"],"value":""}],[{"active":true,"col":6,"relations":[{"operator":false,"rules":[{"operator":"AND","rules":{"cl_field":"radio_4536560360","cl_relation":"is","cl_val":"yes"}}]}],"cl_rule":"show","enableCl":true,"price":"","enablePrice":false,"className":"","label_position":"default","desc_position":"default","type":"number","required":false,"elementId":"number_7137198987","label":"Liczba os\u00f3b do transportu","name":"number_7137198987","value":"1","error":false,"enable_quantity":false,"quantity_label":"Person","requiredError":"To plan the transportation, please let us know how many people will be joining the program.","minValueError":"To plan the transportation, please let us know how many people will be joining the program.","min":"1","gt_translate_keys":["label","value","quantity_label","requiredError","minValueError"],"price_dependency":false,"cl_dependency":false}],[{"active":true,"col":6,"relations":false,"cl_rule":"show","enableCl":false,"price":"","enablePrice":false,"className":"","label_position":"default","desc_position":"default","type":"date","required":true,"elementId":"date_1051387426","name":"date_1051387426","label":"Prosz\u0119 wybra\u0107 jeden lub wi\u0119cej dni, kt\u00f3re b\u0119d\u0105 odpowiednie na drifting:","picker_type":"custom","picker_mode":"multiple","error":false,"date_pic_inline":true,"date_pic_inline_hide":true,"tooltip":"You can select more date ranges","min_date":{"type":"days","val":"1"},"hideFieldIn_cart":true,"hideFieldIn_order":false,"requiredError":"Tell us when you're free, so we can check availability.","gt_translate_keys":["label","tooltip","requiredError"],"price_dependency":false,"cl_dependency":false,"value":""}]]}},"config":{"price_override":"","enable_recaptcha":false,"bind_quantity":false,"quantity_bind_formula":false,"disp_summ_show_option_price":true,"disp_summ_show_product_price":true,"disp_summ_show_total_price":true,"disp_summ_show_fee":false,"disp_summ_show_discount":false,"summary_title":"","options_total_label":"Options Price","total_label":"Total","options_product_label":"Product Price","fee_label":"Fee","discount_label":"Discount","has_price":true,"has_quantity_formula":false},"mc_unit":1,"tax_rate":1,"tax_rate_real":1,"discount":{"percentage":0,"fixed":0},"design":{"conf":{"LabelPosition":"above","DescPosition":"above","UploadField":"custom_1","QuantityFieldStyle":"default"},"css":{"LeftLabelWidth":"120px"}},"formulas":[],"lookuptables":[],"clones":false,"cartKey":false}},"_links":{"self":[{"href":"https:\/\/budapestexperiences.com\/pl\/wp-json\/wp\/v2\/product\/2418","targetHints":{"allow":["GET"]}}],"collection":[{"href":"https:\/\/budapestexperiences.com\/pl\/wp-json\/wp\/v2\/product"}],"about":[{"href":"https:\/\/budapestexperiences.com\/pl\/wp-json\/wp\/v2\/types\/product"}],"replies":[{"embeddable":true,"href":"https:\/\/budapestexperiences.com\/pl\/wp-json\/wp\/v2\/comments?post=2418"}],"wp:featuredmedia":[{"embeddable":true,"href":"https:\/\/budapestexperiences.com\/pl\/wp-json\/wp\/v2\/media\/671"}],"wp:attachment":[{"href":"https:\/\/budapestexperiences.com\/pl\/wp-json\/wp\/v2\/media?parent=2418"}],"wp:term":[{"taxonomy":"product_brand","embeddable":true,"href":"https:\/\/budapestexperiences.com\/pl\/wp-json\/wp\/v2\/product_brand?post=2418"},{"taxonomy":"product_cat","embeddable":true,"href":"https:\/\/budapestexperiences.com\/pl\/wp-json\/wp\/v2\/product_cat?post=2418"},{"taxonomy":"product_tag","embeddable":true,"href":"https:\/\/budapestexperiences.com\/pl\/wp-json\/wp\/v2\/product_tag?post=2418"}],"curies":[{"name":"wp","href":"https:\/\/api.w.org\/{rel}","templated":true}]}}