{"id":2471,"date":"2023-05-16T16:20:40","date_gmt":"2023-05-16T16:20:40","guid":{"rendered":"https:\/\/budapestexperiences.com\/shop\/pleziervluchten-in-boedapest\/"},"modified":"2025-07-18T11:49:53","modified_gmt":"2025-07-18T11:49:53","slug":"pleziervluchten-in-boedapest","status":"publish","type":"product","link":"https:\/\/budapestexperiences.com\/nl\/shop\/pleziervluchten-in-boedapest\/","title":{"rendered":"Pleziervluchten in Boedapest"},"content":{"rendered":"<p>Voor ons staan het comfort, de tevredenheid en de veiligheid van onze gasten tijdens hun opwindende rondvluchten centraal. Elke actie die we ondernemen en elk verzoek dat we doen is gericht op deze doelen. <\/p>\n<p>Na het opstijgen vliegen we over Buda\u00f6rs, Gazdagr\u00e9t, Kelenf\u00f6ld en de Gell\u00e9rtheuvel, helemaal tot aan de Pet\u0151fi-brug. Vanaf hier kunnen we Boedapest vanuit het zuiden bewonderen, met een close-up van de Gell\u00e9rtheuvel, het Budakasteel, de Citadella en het Margaretha-eiland. Na een paar rondjes om voldoende tijd te hebben voor observatie, vliegen we over de Sz\u00e9chenyi-heuvel, Normafa en de J\u00e1nos-heuvel en maken we een bocht boven het uitkijkpunt van de J\u00e1nos-heuvel, tussen Pasar\u00e9t en H\u0171v\u00f6sv\u00f6lgy. Vervolgens vliegen we in noordelijke richting vanaf de Rozenheuvel boven Margaretha-eiland. Vanaf hier kun je de hele stad Boedapest zien. Je ziet het Parlement, de Burcht van Boeda, het Vissersbastion, alle bruggen van Boedapest en natuurlijk de Pest-kant, inclusief de Ringwegen en het Stadspark, allemaal vanuit vogelperspectief.     <\/p>\n<p><strong>ERVARINGSGEGEVENS  <\/strong><\/p>\n<ul>\n<li><strong>Het pakket is inclusief de rondvlucht voor maximaal 2-3 deelnemers.<\/strong><\/li>\n<li>Vertrek: Luchthaven Buda\u00f6rs<\/li>\n<li>Maximale capaciteit: 3 personen (+ piloot). Er kunnen minstens 2 volwassenen en \u00e9\u00e9n kind deelnemen aan de vlucht. Als er 3 volwassenen zijn, mag hun gezamenlijke gewicht niet meer zijn dan 210 kg.  <\/li>\n<\/ul>\n<ul>\n<li class=\"bullet-checkmark\">Engels sprekende instructeur en piloot<\/li>\n<\/ul>\n","protected":false},"excerpt":{"rendered":"<p>Bereid je voor op een buitengewoon en onvergetelijk avontuur terwijl je geniet van onze topservice. Het gaat niet alleen om de ultramoderne vliegtuigen; het gaat om het harmoniseren van een veelheid aan elementen, van de warme ontvangst van onze passagiers tot de charismatische persoonlijkheid van onze piloten, helemaal totdat je voeten de grond weer raken. Met duizenden succesvolle vluchten achter de rug kunnen we je met een gerust hart verzekeren dat we over een onge\u00ebvenaard inzicht beschikken in elk aspect van rondvluchten.  <\/p>\n<p>Op basis van onze uitgebreide expertise hebben we zorgvuldig een unieke en op maat gemaakte ervaring samengesteld die op je wacht als je kiest voor een van onze pakketten voor een rondvlucht. We hebben deze pakketten zorgvuldig samengesteld zodat ze toegankelijk en betaalbaar zijn voor elke reiziger. Van betaalbare opties tot luxe extravagantie, je hebt een groot aantal keuzes die passen bij jouw voorkeuren.  <\/p>\n<p>Elk pakket is zorgvuldig ontworpen om de meest iconische monumenten uit de hemel te laten zien, zoals het majestueuze Buda Kasteel, het prachtige Parlementsgebouw en de betoverende Gell\u00e9rt Heuvel.<\/p>\n<ul>\n<li>20 minuten: Bewonder de schoonheid van Boedapest terwijl je erboven zweeft.<\/li>\n<li>30 minuten: Ga op reis naar Szentendre, een charmant stadje aan de rivier.<\/li>\n<li>40 minuten: Geniet van een ver uitzicht op Visegr\u00e1d, met zijn majestueuze kasteel bovenop de heuvels.<\/li>\n<li>60 minuten: Vlieg helemaal naar Esztergom, met adembenemende vergezichten en historische bezienswaardigheden.<\/li>\n<\/ul>\n","protected":false},"featured_media":758,"comment_status":"open","ping_status":"closed","template":"","meta":{"_acf_changed":false},"product_brand":[],"product_cat":[107],"product_tag":[],"class_list":{"0":"post-2471","1":"product","2":"type-product","3":"status-publish","4":"has-post-thumbnail","6":"product_cat-ongecategoriseerd","7":"wcpa_has_options","9":"first","10":"instock","11":"sold-individually","12":"shipping-taxable","13":"purchasable","14":"product-type-variable","15":"has-default-attributes"},"acf":[],"wcpa_form_fields":{"wcpaData":{"product":{"product_price":150,"price_html":"<span class=\"woocommerce-Price-amount amount\" aria-hidden=\"true\"><bdi>150&nbsp;<span class=\"woocommerce-Price-currencySymbol\">&euro;<\/span><\/bdi><\/span> <span aria-hidden=\"true\">-<\/span> <span class=\"woocommerce-Price-amount amount\" aria-hidden=\"true\"><bdi>300&nbsp;<span class=\"woocommerce-Price-currencySymbol\">&euro;<\/span><\/bdi><\/span><span class=\"screen-reader-text\">Prijsklasse: 150&nbsp;&euro; tot 300&nbsp;&euro;<\/span>","original_product_price":150,"price_including_tax":150,"price_excluding_tax":150,"product_id":{"parent":2471,"variation":false},"is_variable":true,"stock_status":"instock","stock_quantity":null,"parent_sku":"","product_attributes":{"pa_airport":{"is_variation":true,"values":[]},"pa_duration":{"is_variation":true,"values":[]}},"custom_fields":[],"is_taxable":false,"product_name":"Pleziervluchten in Boedapest","hasImage":false},"fields":{"sec_1064d4c637dc2f5":{"extra":{"key":"sec_1064d4c637dc2f5","section_id":"sec_1064d4c637dc2f5","name":"Default","status":1,"cl_rule":"show","enableCl":false,"relations":[],"toggle":true,"title_tag":"h3","show_title":false,"showPrice":"default","form_id":2535,"form_rules":{"exclude_from_discount":false,"fee_label":"Fee","disp_hide_options_price":false,"disp_show_section_price":false,"disp_show_field_price":true,"layout_option":"standard","pric_use_as_fee":false,"process_fee_as":"woo_fee"},"layout_option":"standard"},"fields":[[{"active":true,"col":6,"relations":false,"cl_rule":"show","enableCl":false,"price":"","enablePrice":false,"className":"","label_position":"default","desc_position":"default","type":"radio-group","required":true,"elementId":"radio_6944765191","label":"Heeft u vervoer nodig vanaf het stadscentrum?","name":"radio_6944765191","values":[{"label":"Ja","value":"yes","selected":false,"tempId":"aco_56","gt_translate_keys":["label"]},{"label":"Nee","value":"no","selected":false,"tempId":"aco_57","gt_translate_keys":["label"]}],"layOut":"","error":false,"checkUi":"","isWeightTemplate":false,"isTemplate":false,"min_quantity":"1","quantity_decimal":false,"quantity_step":"1","quantity_label":"Quantity","repeater_field_label":"{field_label}","repeater_bind":"","gt_translate_keys":["label","repeater_field_label","quantity_label"],"price_dependency":false,"cl_dependency":["number_264d4c637dc395"],"value":""}],[{"active":true,"col":6,"relations":[{"operator":false,"rules":[{"operator":"AND","rules":{"cl_field":"radio_6944765191","cl_relation":"is","cl_val":"yes"}}]}],"cl_rule":"show","enableCl":true,"price":"","enablePrice":false,"className":"","label_position":"default","desc_position":"default","type":"number","required":false,"elementId":"number_264d4c637dc395","label":"Aantal personen voor de transfer","name":"number_264d4c637dc395","value":"2","error":false,"enable_quantity":false,"quantity_label":"Person","max":"3","min":"1","requiredError":"To plan the transportation, please let us know how many people will be joining the program.","maxValueError":"This program is limited to a maximum of three individuals.","minValueError":"To plan the transportation, please let us know how many people will be joining the program.","gt_translate_keys":["label","value","quantity_label","requiredError","minValueError","maxValueError"],"price_dependency":false,"cl_dependency":false}],[{"active":true,"col":6,"relations":false,"cl_rule":"show","enableCl":false,"price":"","enablePrice":false,"className":"","label_position":"default","desc_position":"default","type":"date","required":true,"elementId":"date_864d4c637dc3a9","name":"date_864d4c637dc3a9","label":"Kies alstublieft \u00e9\u00e9n of meerdere dagen waarop de vlucht voor u geschikt is:","picker_type":"custom","picker_mode":"multiple","error":false,"date_pic_inline":true,"date_pic_inline_hide":true,"tooltip":"You can select more date ranges","min_date":{"type":"days","val":"1"},"hideFieldIn_cart":true,"hideFieldIn_order":false,"requiredError":"Tell us when you're free, so we can check availability.","gt_translate_keys":["label","tooltip","requiredError"],"price_dependency":false,"cl_dependency":false,"value":""}]]}},"config":{"price_override":"","enable_recaptcha":false,"bind_quantity":false,"quantity_bind_formula":false,"disp_summ_show_option_price":false,"disp_summ_show_product_price":false,"disp_summ_show_total_price":true,"disp_summ_show_fee":false,"disp_summ_show_discount":false,"summary_title":"","options_total_label":"Options Price","total_label":"Total","options_product_label":"Product Price","fee_label":"Fee","discount_label":"Discount","has_price":true,"has_quantity_formula":false},"mc_unit":1,"tax_rate":1,"tax_rate_real":1,"discount":{"percentage":0,"fixed":0},"design":{"conf":{"LabelPosition":"above","DescPosition":"above","UploadField":"custom_1","QuantityFieldStyle":"default"},"css":{"LeftLabelWidth":"120px"}},"formulas":[],"lookuptables":[],"clones":false,"cartKey":false}},"_links":{"self":[{"href":"https:\/\/budapestexperiences.com\/nl\/wp-json\/wp\/v2\/product\/2471","targetHints":{"allow":["GET"]}}],"collection":[{"href":"https:\/\/budapestexperiences.com\/nl\/wp-json\/wp\/v2\/product"}],"about":[{"href":"https:\/\/budapestexperiences.com\/nl\/wp-json\/wp\/v2\/types\/product"}],"replies":[{"embeddable":true,"href":"https:\/\/budapestexperiences.com\/nl\/wp-json\/wp\/v2\/comments?post=2471"}],"wp:featuredmedia":[{"embeddable":true,"href":"https:\/\/budapestexperiences.com\/nl\/wp-json\/wp\/v2\/media\/758"}],"wp:attachment":[{"href":"https:\/\/budapestexperiences.com\/nl\/wp-json\/wp\/v2\/media?parent=2471"}],"wp:term":[{"taxonomy":"product_brand","embeddable":true,"href":"https:\/\/budapestexperiences.com\/nl\/wp-json\/wp\/v2\/product_brand?post=2471"},{"taxonomy":"product_cat","embeddable":true,"href":"https:\/\/budapestexperiences.com\/nl\/wp-json\/wp\/v2\/product_cat?post=2471"},{"taxonomy":"product_tag","embeddable":true,"href":"https:\/\/budapestexperiences.com\/nl\/wp-json\/wp\/v2\/product_tag?post=2471"}],"curies":[{"name":"wp","href":"https:\/\/api.w.org\/{rel}","templated":true}]}}