{"id":2466,"date":"2023-05-16T16:20:40","date_gmt":"2023-05-16T16:20:40","guid":{"rendered":"https:\/\/budapestexperiences.com\/shop\/vols-dagrement-a-budapest\/"},"modified":"2025-07-18T11:49:53","modified_gmt":"2025-07-18T11:49:53","slug":"vols-dagrement-a-budapest","status":"publish","type":"product","link":"https:\/\/budapestexperiences.com\/fr\/shop\/vols-dagrement-a-budapest\/","title":{"rendered":"Vols d&rsquo;agr\u00e9ment \u00e0 Budapest"},"content":{"rendered":"<p>Notre priorit\u00e9 est d&rsquo;assurer le confort, la satisfaction et la s\u00e9curit\u00e9 de nos clients pendant leurs vols touristiques exaltants. Chacune de nos actions et chacune de nos demandes visent \u00e0 servir ces objectifs. <\/p>\n<p>Apr\u00e8s le d\u00e9collage, nous survolerons Buda\u00f6rs, Gazdagr\u00e9t, Kelenf\u00f6ld et la colline de Gell\u00e9rt, jusqu&rsquo;au pont Pet\u0151fi. De l\u00e0, nous pouvons admirer Budapest depuis le sud, avec une vue rapproch\u00e9e de la colline de Gell\u00e9rt, du ch\u00e2teau de Buda, de la Citadelle et de l&rsquo;\u00eele Margaret. Apr\u00e8s quelques tours pour laisser le temps d&rsquo;observer, nous survolerons la colline Sz\u00e9chenyi, Normafa et la colline J\u00e1nos, en faisant un virage au-dessus du belv\u00e9d\u00e8re de la colline J\u00e1nos, entre Pasar\u00e9t et H\u0171v\u00f6sv\u00f6lgy. Ensuite, en partant de la colline Rose vers le nord, nous survolerons l&rsquo;\u00eele Margaret. De l\u00e0, vous pourrez contempler toute la ville de Budapest. Vous verrez le Parlement, le ch\u00e2teau de Buda, le bastion des p\u00eacheurs, ainsi que tous les ponts de Budapest, et bien s\u00fbr, le c\u00f4t\u00e9 Pest, y compris les p\u00e9riph\u00e9riques et le parc de la ville, le tout d&rsquo;une perspective \u00e0 vol d&rsquo;oiseau.     <\/p>\n<p><strong>D\u00c9TAILS DE L&rsquo;EXP\u00c9RIENCE  <\/strong><\/p>\n<ul>\n<li><strong>Le forfait comprend le vol touristique pour un maximum de 2 \u00e0 3 participants.<\/strong><\/li>\n<li>D\u00e9part : A\u00e9roport de Buda\u00f6rs<\/li>\n<li>Capacit\u00e9 maximale : 3 personnes (+ pilote). Au moins 2 adultes et un enfant peuvent participer au vol. S&rsquo;il y a 3 adultes, leur poids combin\u00e9 ne doit pas d\u00e9passer 210 kg.  <\/li>\n<\/ul>\n<ul>\n<li class=\"bullet-checkmark\">Instructeur et pilote parlant anglais<\/li>\n<\/ul>\n","protected":false},"excerpt":{"rendered":"<p>Pr\u00e9parez-vous \u00e0 vivre une aventure extraordinaire et inoubliable en profitant de nos services haut de gamme. Il ne s&rsquo;agit pas seulement d&rsquo;un avion ultramoderne, mais de l&rsquo;harmonisation d&rsquo;une multitude d&rsquo;\u00e9l\u00e9ments, de l&rsquo;accueil chaleureux de nos passagers \u00e0 la personnalit\u00e9 charismatique de nos pilotes, jusqu&rsquo;\u00e0 ce que vos pieds touchent \u00e0 nouveau le sol. Avec des milliers de vols r\u00e9ussis \u00e0 notre actif, nous pouvons vous assurer que nous poss\u00e9dons une compr\u00e9hension in\u00e9gal\u00e9e de tous les aspects li\u00e9s aux vols touristiques.  <\/p>\n<p>Sur la base de notre vaste expertise, nous avons m\u00e9ticuleusement con\u00e7u une exp\u00e9rience unique et sur mesure qui vous attend lorsque vous choisissez l&rsquo;un de nos forfaits de vols touristiques. Nous avons soigneusement con\u00e7u ces forfaits pour qu&rsquo;ils soient accessibles et abordables pour tous les voyageurs. Des options abordables aux extravagances luxueuses, vous avez une myriade de choix pour r\u00e9pondre \u00e0 vos pr\u00e9f\u00e9rences.  <\/p>\n<p>Chaque forfait a \u00e9t\u00e9 soigneusement con\u00e7u pour mettre en valeur les sites les plus embl\u00e9matiques du ciel, tels que le majestueux ch\u00e2teau de Buda, le magnifique b\u00e2timent du Parlement et l&rsquo;enchanteresse colline de Gell\u00e9rt.<\/p>\n<ul>\n<li>20 minutes : Admirez la beaut\u00e9 de Budapest en planant au-dessus de la ville.<\/li>\n<li>30 minutes : Embarquez pour Szentendre, une charmante ville au bord de la rivi\u00e8re.<\/li>\n<li>40 minutes : Profitez d&rsquo;une vue lointaine sur Visegr\u00e1d, son majestueux ch\u00e2teau perch\u00e9 au sommet des collines.<\/li>\n<li>60 minutes : Prenez l&rsquo;avion jusqu&rsquo;\u00e0 Esztergom, qui offre des panoramas \u00e0 couper le souffle et des monuments historiques.<\/li>\n<\/ul>\n","protected":false},"featured_media":758,"comment_status":"open","ping_status":"closed","template":"","meta":{"_acf_changed":false},"product_brand":[],"product_cat":[108],"product_tag":[],"class_list":{"0":"post-2466","1":"product","2":"type-product","3":"status-publish","4":"has-post-thumbnail","6":"product_cat-non-categorise","7":"wcpa_has_options","9":"first","10":"instock","11":"sold-individually","12":"shipping-taxable","13":"purchasable","14":"product-type-variable","15":"has-default-attributes"},"acf":[],"wcpa_form_fields":{"wcpaData":{"product":{"product_price":150,"price_html":"<span class=\"woocommerce-Price-amount amount\" aria-hidden=\"true\"><bdi>150&nbsp;<span class=\"woocommerce-Price-currencySymbol\">&euro;<\/span><\/bdi><\/span> <span aria-hidden=\"true\">\u00a0\u2013\u00a0<\/span> <span class=\"woocommerce-Price-amount amount\" aria-hidden=\"true\"><bdi>300&nbsp;<span class=\"woocommerce-Price-currencySymbol\">&euro;<\/span><\/bdi><\/span><span class=\"screen-reader-text\">Plage de prix\u00a0: 150&nbsp;&euro; \u00e0 300&nbsp;&euro;<\/span>","original_product_price":150,"price_including_tax":150,"price_excluding_tax":150,"product_id":{"parent":2466,"variation":false},"is_variable":true,"stock_status":"instock","stock_quantity":null,"parent_sku":"","product_attributes":{"pa_airport":{"is_variation":true,"values":[]},"pa_duration":{"is_variation":true,"values":[]}},"custom_fields":[],"is_taxable":false,"product_name":"Vols d'agr\u00e9ment \u00e0 Budapest","hasImage":false},"fields":{"sec_1064d4c637dc2f5":{"extra":{"key":"sec_1064d4c637dc2f5","section_id":"sec_1064d4c637dc2f5","name":"Default","status":1,"cl_rule":"show","enableCl":false,"relations":[],"toggle":true,"title_tag":"h3","show_title":false,"showPrice":"default","form_id":2534,"form_rules":{"exclude_from_discount":false,"fee_label":"Fee","disp_hide_options_price":false,"disp_show_section_price":false,"disp_show_field_price":true,"layout_option":"standard","pric_use_as_fee":false,"process_fee_as":"woo_fee"},"layout_option":"standard"},"fields":[[{"active":true,"col":6,"relations":false,"cl_rule":"show","enableCl":false,"price":"","enablePrice":false,"className":"","label_position":"default","desc_position":"default","type":"radio-group","required":true,"elementId":"radio_6944765191","label":"Avez-vous besoin d\u2019un transport depuis le centre-ville ?","name":"radio_6944765191","values":[{"label":"Oui","value":"yes","selected":false,"tempId":"aco_56","gt_translate_keys":["label"]},{"label":"Non","value":"no","selected":false,"tempId":"aco_57","gt_translate_keys":["label"]}],"layOut":"","error":false,"checkUi":"","isWeightTemplate":false,"isTemplate":false,"min_quantity":"1","quantity_decimal":false,"quantity_step":"1","quantity_label":"Quantity","repeater_field_label":"{field_label}","repeater_bind":"","gt_translate_keys":["label","repeater_field_label","quantity_label"],"price_dependency":false,"cl_dependency":["number_264d4c637dc395"],"value":""}],[{"active":true,"col":6,"relations":[{"operator":false,"rules":[{"operator":"AND","rules":{"cl_field":"radio_6944765191","cl_relation":"is","cl_val":"yes"}}]}],"cl_rule":"show","enableCl":true,"price":"","enablePrice":false,"className":"","label_position":"default","desc_position":"default","type":"number","required":false,"elementId":"number_264d4c637dc395","label":"Nombre de personnes pour le transfert","name":"number_264d4c637dc395","value":"2","error":false,"enable_quantity":false,"quantity_label":"Person","max":"3","min":"1","requiredError":"To plan the transportation, please let us know how many people will be joining the program.","maxValueError":"This program is limited to a maximum of three individuals.","minValueError":"To plan the transportation, please let us know how many people will be joining the program.","gt_translate_keys":["label","value","quantity_label","requiredError","minValueError","maxValueError"],"price_dependency":false,"cl_dependency":false}],[{"active":true,"col":6,"relations":false,"cl_rule":"show","enableCl":false,"price":"","enablePrice":false,"className":"","label_position":"default","desc_position":"default","type":"date","required":true,"elementId":"date_864d4c637dc3a9","name":"date_864d4c637dc3a9","label":"Veuillez choisir un ou plusieurs jours qui vous conviennent pour le vol:","picker_type":"custom","picker_mode":"multiple","error":false,"date_pic_inline":true,"date_pic_inline_hide":true,"tooltip":"You can select more date ranges","min_date":{"type":"days","val":"1"},"hideFieldIn_cart":true,"hideFieldIn_order":false,"requiredError":"Tell us when you're free, so we can check availability.","gt_translate_keys":["label","tooltip","requiredError"],"price_dependency":false,"cl_dependency":false,"value":""}]]}},"config":{"price_override":"","enable_recaptcha":false,"bind_quantity":false,"quantity_bind_formula":false,"disp_summ_show_option_price":false,"disp_summ_show_product_price":false,"disp_summ_show_total_price":true,"disp_summ_show_fee":false,"disp_summ_show_discount":false,"summary_title":"","options_total_label":"Options Price","total_label":"Total","options_product_label":"Product Price","fee_label":"Fee","discount_label":"Discount","has_price":true,"has_quantity_formula":false},"mc_unit":1,"tax_rate":1,"tax_rate_real":1,"discount":{"percentage":0,"fixed":0},"design":{"conf":{"LabelPosition":"above","DescPosition":"above","UploadField":"custom_1","QuantityFieldStyle":"default"},"css":{"LeftLabelWidth":"120px"}},"formulas":[],"lookuptables":[],"clones":false,"cartKey":false}},"_links":{"self":[{"href":"https:\/\/budapestexperiences.com\/fr\/wp-json\/wp\/v2\/product\/2466","targetHints":{"allow":["GET"]}}],"collection":[{"href":"https:\/\/budapestexperiences.com\/fr\/wp-json\/wp\/v2\/product"}],"about":[{"href":"https:\/\/budapestexperiences.com\/fr\/wp-json\/wp\/v2\/types\/product"}],"replies":[{"embeddable":true,"href":"https:\/\/budapestexperiences.com\/fr\/wp-json\/wp\/v2\/comments?post=2466"}],"wp:featuredmedia":[{"embeddable":true,"href":"https:\/\/budapestexperiences.com\/fr\/wp-json\/wp\/v2\/media\/758"}],"wp:attachment":[{"href":"https:\/\/budapestexperiences.com\/fr\/wp-json\/wp\/v2\/media?parent=2466"}],"wp:term":[{"taxonomy":"product_brand","embeddable":true,"href":"https:\/\/budapestexperiences.com\/fr\/wp-json\/wp\/v2\/product_brand?post=2466"},{"taxonomy":"product_cat","embeddable":true,"href":"https:\/\/budapestexperiences.com\/fr\/wp-json\/wp\/v2\/product_cat?post=2466"},{"taxonomy":"product_tag","embeddable":true,"href":"https:\/\/budapestexperiences.com\/fr\/wp-json\/wp\/v2\/product_tag?post=2466"}],"curies":[{"name":"wp","href":"https:\/\/api.w.org\/{rel}","templated":true}]}}