{"id":2439,"date":"2023-05-30T07:11:24","date_gmt":"2023-05-30T07:11:24","guid":{"rendered":"https:\/\/budapestexperiences.com\/shop\/visites-guidees-tank\/"},"modified":"2026-01-27T09:17:12","modified_gmt":"2026-01-27T09:17:12","slug":"visites-guidees-tank","status":"publish","type":"product","link":"https:\/\/budapestexperiences.com\/fr\/shop\/visites-guidees-tank\/","title":{"rendered":"Tours en tank \u00e0 Budapest"},"content":{"rendered":"<p>Choisissez parmi notre s\u00e9lection de r\u00e9servoirs :<\/p>\n<ul>\n<li>MTLB : Notre char le plus populaire, qui offre une exp\u00e9rience de conduite authentique gr\u00e2ce aux commandes du syst\u00e8me de freinage. Nous recommandons vivement cette option. Principaux d\u00e9tails techniques : Moteur de 16 000 cm3, 240 chevaux, poids de 12 tonnes.  <\/li>\n<li>SAUER 4K 4FA : l&rsquo;incarnation de la coolitude (repr\u00e9sent\u00e9e sur la photo par le r\u00e9servoir noir). Il est dot\u00e9 d&rsquo;un m\u00e9canisme de direction simple, semblable \u00e0 celui d&rsquo;une voiture ordinaire, et d&rsquo;une transmission automatique. Il est donc facile \u00e0 apprendre et permet aux d\u00e9butants d&rsquo;atteindre des vitesses impressionnantes. Principales caract\u00e9ristiques techniques : Moteur de 6 800 cm3, 250 chevaux, poids de 12,5 tonnes.   <\/li>\n<li>VT55 : Le mastodonte. Ce char p\u00e8se plus de 40 tonnes, d&rsquo;o\u00f9 son surnom. Son maniement demande plus d&rsquo;habilet\u00e9, ce qui le rend id\u00e9al pour ceux qui ont d\u00e9j\u00e0 conduit un char d&rsquo;assaut. Conduire ce monstre pour la premi\u00e8re fois risque de ne pas \u00eatre aussi agr\u00e9able que les autres options. Principales caract\u00e9ristiques techniques : Moteur de 38 800 cm3, 630 chevaux, poids de 41 tonnes.    <\/li>\n<\/ul>\n<p>Vivez l&rsquo;adr\u00e9naline et la puissance de la conduite d&rsquo;un char d&rsquo;assaut comme jamais auparavant !<\/p>\n<ul>\n<li>Limite d&rsquo;\u00e2ge : 16 ans (moins de 18 ans sous surveillance parentale).<\/li>\n<li>Le char VT-55 peut \u00eatre conduit par des personnes \u00e2g\u00e9es de 20 ans et plus.<\/li>\n<li>Taille du groupe : 1 conducteur + 8 \u00e0 10 accompagnateurs au maximum. Le permis de conduire n&rsquo;est pas n\u00e9cessaire pour cette exp\u00e9rience. <\/li>\n<li>Pour conduire le char VT-55, un minimum de 2 ans d&rsquo;exp\u00e9rience de conduite est n\u00e9cessaire.<\/li>\n<\/ul>\n<p><strong>Le prix comprend :<\/strong><\/p>\n<ul>\n<li class=\"bullet-checkmark\">Transfert gratuit pour 10 personnes<\/li>\n<li class=\"bullet-checkmark\">Conduite de char pour 1 \u00e0 3 personnes (selon le forfait, les autres personnes voyagent sur le char en tant que passagers).<\/li>\n<li class=\"bullet-checkmark\">Formation avec un instructeur professionnel.<\/li>\n<li class=\"bullet-checkmark\">Instructeur parlant anglais<\/li>\n<\/ul>\n","protected":false},"excerpt":{"rendered":"<p><strong>Comment faire partager \u00e0 tous les sensations incroyables que l&rsquo;on peut ressentir avant, pendant et apr\u00e8s la conduite d&rsquo;un char d&rsquo;assaut ?<\/strong>  Nous pensons que la technologie capable de capturer cette exp\u00e9rience n&rsquo;a pas encore \u00e9t\u00e9 invent\u00e9e.<\/p>\n<p>La conduite de chars d&rsquo;assaut offre une aventure vraiment unique. Contrairement aux volants ordinaires, les chars sont man\u0153uvr\u00e9s sur la piste \u00e0 l&rsquo;aide d&rsquo;un syst\u00e8me de freinage, ce qui vous permet d&rsquo;explorer des endroits qui semblent inimaginables, m\u00eame pour l&rsquo;esprit humain. <\/p>\n<p>Cette exp\u00e9rience inoubliable ne manquera pas de susciter l&rsquo;admiration des conducteurs et des passagers. Avec nous, vous avez la possibilit\u00e9 d&rsquo;essayer diff\u00e9rents chars et v\u00e9hicules de combat. Une fois ces colossales et immens\u00e9ment puissantes b\u00eates \u00e0 chenilles mises en mouvement, vous sentirez une force irr\u00e9pressible vous propulser vers l&rsquo;avant.  <\/p>\n<p>Le programme comprend 3+1 tours de conduite. Le tour +1 correspond \u00e0 la conduite de notre instructeur professionnel, ce qui repr\u00e9sente une grande exp\u00e9rience pour les passagers, car l&rsquo;instructeur conduit le char \u00e0 une vitesse et avec des man\u0153uvres compl\u00e8tement diff\u00e9rentes. <\/p>\n<p>La dur\u00e9e du programme est d&rsquo;environ 1 heure. <\/p>\n","protected":false},"featured_media":1828,"comment_status":"open","ping_status":"closed","template":"","meta":{"_acf_changed":false},"product_brand":[],"product_cat":[108],"product_tag":[],"class_list":{"0":"post-2439","1":"product","2":"type-product","3":"status-publish","4":"has-post-thumbnail","6":"product_cat-non-categorise","7":"wcpa_has_options","9":"first","10":"instock","11":"shipping-taxable","12":"purchasable","13":"product-type-variable"},"acf":[],"wcpa_form_fields":{"wcpaData":{"product":{"product_price":450,"price_html":"<span class=\"woocommerce-Price-amount amount\"><bdi>450&nbsp;<span class=\"woocommerce-Price-currencySymbol\">&euro;<\/span><\/bdi><\/span>","original_product_price":450,"price_including_tax":450,"price_excluding_tax":450,"product_id":{"parent":2439,"variation":false},"is_variable":true,"stock_status":"instock","stock_quantity":null,"parent_sku":"","product_attributes":{"pa_tank_type":{"is_variation":true,"values":[]}},"custom_fields":[],"is_taxable":false,"product_name":"Tours en tank \u00e0 Budapest","hasImage":false},"fields":{"sec_964d4cc5e4f6b8":{"extra":{"key":"sec_964d4cc5e4f6b8","section_id":"sec_964d4cc5e4f6b8","name":"Default","status":1,"cl_rule":"show","enableCl":false,"relations":[],"toggle":true,"title_tag":"h3","show_title":false,"showPrice":"default","form_id":2544,"form_rules":{"exclude_from_discount":false,"fee_label":"Fee","disp_hide_options_price":false,"disp_show_section_price":false,"disp_show_field_price":true,"layout_option":"standard","pric_use_as_fee":false,"process_fee_as":"woo_fee"},"layout_option":"standard"},"fields":[[{"active":true,"col":6,"relations":false,"cl_rule":"show","enableCl":false,"price":"200","enablePrice":false,"className":"","label_position":"default","desc_position":"default","type":"radio-group","required":true,"elementId":"radio_6943395591","label":"Avez-vous besoin d\u2019un transport depuis le centre-ville ?","name":"radio_6943395591","values":[{"label":"Oui","value":"yes","selected":false,"tempId":"aco_52","price":"200","gt_translate_keys":["label"]},{"label":"Non","value":"no","selected":false,"tempId":"aco_53","price":"0","gt_translate_keys":["label"]}],"layOut":"","error":false,"checkUi":"","isWeightTemplate":false,"isTemplate":false,"min_quantity":"1","quantity_decimal":false,"quantity_step":"1","quantity_label":"Quantity","repeater_field_label":"{field_label}","repeater_bind":"","priceOptions":"different_for_all","pricingType":"fixed","use_as_fee":true,"gt_translate_keys":["label","repeater_field_label","quantity_label"],"price_dependency":false,"cl_dependency":["number_964d4cc5e4f732"],"value":""}],[{"active":true,"col":6,"relations":[{"operator":false,"rules":[{"operator":"AND","rules":{"cl_field":"radio_6943395591","cl_relation":"is","cl_val":"yes"}}]}],"cl_rule":"show","enableCl":true,"price":"","enablePrice":false,"className":"","label_position":"default","desc_position":"default","type":"number","required":false,"elementId":"number_964d4cc5e4f732","label":"Nombre de personnes pour le transfert","name":"number_964d4cc5e4f732","value":"1","error":false,"enable_quantity":false,"quantity_label":"Person","max":"10","min":"1","requiredError":"To plan the transportation, please let us know how many people will be joining the program.","maxValueError":"This program is limited to a maximum of ten individuals.","minValueError":"To plan the transportation, please let us know how many people will be joining the program.","gt_translate_keys":["label","value","quantity_label","requiredError","minValueError","maxValueError"],"price_dependency":false,"cl_dependency":false}],[{"active":true,"col":6,"relations":false,"cl_rule":"show","enableCl":false,"price":"","enablePrice":false,"className":"","label_position":"default","desc_position":"default","type":"date","required":true,"elementId":"date_664d4cc5e4f745","name":"date_664d4cc5e4f745","label":"Veuillez choisir un ou plusieurs jours qui vous conviennent pour la conduite de char: ","picker_type":"custom","picker_mode":"multiple","error":false,"date_pic_inline":true,"date_pic_inline_hide":true,"tooltip":"You can select more date ranges","min_date":{"type":"days","val":"1"},"hideFieldIn_cart":true,"hideFieldIn_order":false,"requiredError":"Tell us when you're free, so we can check availability.","gt_translate_keys":["label","tooltip","requiredError"],"price_dependency":false,"cl_dependency":false,"value":""}]]}},"config":{"price_override":"","enable_recaptcha":false,"bind_quantity":false,"quantity_bind_formula":false,"disp_summ_show_option_price":false,"disp_summ_show_product_price":false,"disp_summ_show_total_price":true,"disp_summ_show_fee":false,"disp_summ_show_discount":false,"summary_title":"","options_total_label":"Options Price","total_label":"Total","options_product_label":"Product Price","fee_label":"Fee","discount_label":"Discount","has_price":true,"has_quantity_formula":false},"mc_unit":1,"tax_rate":1,"tax_rate_real":1,"discount":{"percentage":0,"fixed":0},"design":{"conf":{"LabelPosition":"above","DescPosition":"above","UploadField":"custom_1","QuantityFieldStyle":"default"},"css":{"LeftLabelWidth":"120px"}},"formulas":[],"lookuptables":[],"clones":false,"cartKey":false}},"_links":{"self":[{"href":"https:\/\/budapestexperiences.com\/fr\/wp-json\/wp\/v2\/product\/2439","targetHints":{"allow":["GET"]}}],"collection":[{"href":"https:\/\/budapestexperiences.com\/fr\/wp-json\/wp\/v2\/product"}],"about":[{"href":"https:\/\/budapestexperiences.com\/fr\/wp-json\/wp\/v2\/types\/product"}],"replies":[{"embeddable":true,"href":"https:\/\/budapestexperiences.com\/fr\/wp-json\/wp\/v2\/comments?post=2439"}],"wp:featuredmedia":[{"embeddable":true,"href":"https:\/\/budapestexperiences.com\/fr\/wp-json\/wp\/v2\/media\/1828"}],"wp:attachment":[{"href":"https:\/\/budapestexperiences.com\/fr\/wp-json\/wp\/v2\/media?parent=2439"}],"wp:term":[{"taxonomy":"product_brand","embeddable":true,"href":"https:\/\/budapestexperiences.com\/fr\/wp-json\/wp\/v2\/product_brand?post=2439"},{"taxonomy":"product_cat","embeddable":true,"href":"https:\/\/budapestexperiences.com\/fr\/wp-json\/wp\/v2\/product_cat?post=2439"},{"taxonomy":"product_tag","embeddable":true,"href":"https:\/\/budapestexperiences.com\/fr\/wp-json\/wp\/v2\/product_tag?post=2439"}],"curies":[{"name":"wp","href":"https:\/\/api.w.org\/{rel}","templated":true}]}}