{"id":2437,"date":"2023-05-16T16:20:56","date_gmt":"2023-05-16T16:20:56","guid":{"rendered":"https:\/\/budapestexperiences.com\/shop\/excursions-en-atv-quad-a-budapest\/"},"modified":"2025-07-24T08:33:41","modified_gmt":"2025-07-24T08:33:41","slug":"excursions-en-atv-quad-a-budapest","status":"publish","type":"product","link":"https:\/\/budapestexperiences.com\/fr\/shop\/excursions-en-atv-quad-a-budapest\/","title":{"rendered":"Excursions en quad \u00e0 Budapest"},"content":{"rendered":"<p>En guise de bienvenue, nous vous invitons \u00e0 d\u00e9guster des rafra\u00eechissements gratuits, notamment des boissons non alcoolis\u00e9es, du caf\u00e9 et du th\u00e9, dans notre salon confortable et climatis\u00e9.<\/p>\n<p>Soyez assur\u00e9 que votre excursion sera enti\u00e8rement personnalis\u00e9e. Nous n&rsquo;entraverons pas votre aventure en limitant votre vitesse ou en d\u00e9courageant les man\u0153uvres audacieuses. Nous voulons que vous tiriez le meilleur parti de vous-m\u00eame et du QUAD ! C&rsquo;est pourquoi nous proposons une \u00e9valuation gratuite de vos comp\u00e9tences avant chaque tour, afin que vous puissiez recevoir la formation n\u00e9cessaire sans que cela n&#8217;empi\u00e8te sur votre temps d&rsquo;excursion.   <\/p>\n<ul>\n<li>Le permis de conduire n&rsquo;est pas n\u00e9cessaire pour l&rsquo;exp\u00e9rience.<\/li>\n<li>Limite d&rsquo;\u00e2ge : \u00e0 partir de 16 ans<\/li>\n<li>Une exp\u00e9rience \u00e0 vivre tout au long de l&rsquo;ann\u00e9e !<\/li>\n<\/ul>\n<p><strong>Le prix comprend :<\/strong><\/p>\n<ul>\n<li class=\"bullet-checkmark\">Transfert gratuit pour 2-4 personnes<\/li>\n<li class=\"bullet-checkmark\">Caf\u00e9 de bienvenue ou boissons non alcoolis\u00e9es<\/li>\n<li class=\"bullet-checkmark\">Formation gratuite avec un instructeur professionnel avant la visite.<\/li>\n<li class=\"bullet-checkmark\">Instructeur parlant anglais<\/li>\n<\/ul>\n","protected":false},"excerpt":{"rendered":"<p><strong>D\u00e9couvrez l&rsquo;originalit\u00e9 avec nos circuits exclusifs en QUAD !<\/strong><\/p>\n<p>Pas de limites, pas de retenue ! Nous ne vous limiterons pas, nous vous encouragerons seulement \u00e0 appuyer sur l&rsquo;acc\u00e9l\u00e9rateur ! Lib\u00e9rez votre v\u00e9ritable potentiel et vivez l&rsquo;exp\u00e9rience de nos v\u00e9hicules QUAD haut de gamme. Des d\u00e9rives exaltantes aux sauts vertigineux, c&rsquo;est \u00e0 vous de choisir !   <\/p>\n<p>Chaque excursion est une exp\u00e9rience VIP, con\u00e7ue exclusivement pour vous. Vous serez le seul participant et recevrez toute notre attention tout au long du voyage. <\/p>\n<p>Nos circuits priv\u00e9s vous permettent d&rsquo;explorer tout ce qui est \u00e0 votre port\u00e9e. Nous vous fournissons tout l&rsquo;\u00e9quipement n\u00e9cessaire, des gants aux casques en passant par les v\u00eatements de protection, pour que vous puissiez partir \u00e0 l&rsquo;aventure en toute s\u00e9r\u00e9nit\u00e9. <\/p>\n<p>Rejoignez-nous et laissez-nous red\u00e9finir les limites de l&rsquo;aventure. Pr\u00e9parez-vous \u00e0 vivre une exp\u00e9rience QUAD inoubliable et sans pr\u00e9c\u00e9dent ! <\/p>\n","protected":false},"featured_media":1724,"comment_status":"open","ping_status":"closed","template":"","meta":{"_acf_changed":false},"product_brand":[],"product_cat":[108],"product_tag":[],"class_list":{"0":"post-2437","1":"product","2":"type-product","3":"status-publish","4":"has-post-thumbnail","6":"product_cat-non-categorise","7":"wcpa_has_options","9":"first","10":"instock","11":"sold-individually","12":"shipping-taxable","13":"purchasable","14":"product-type-variable"},"acf":[],"wcpa_form_fields":{"wcpaData":{"product":{"product_price":90,"price_html":"<span class=\"woocommerce-Price-amount amount\" aria-hidden=\"true\"><bdi>90&nbsp;<span class=\"woocommerce-Price-currencySymbol\">&euro;<\/span><\/bdi><\/span> <span aria-hidden=\"true\">\u00a0\u2013\u00a0<\/span> <span class=\"woocommerce-Price-amount amount\" aria-hidden=\"true\"><bdi>150&nbsp;<span class=\"woocommerce-Price-currencySymbol\">&euro;<\/span><\/bdi><\/span><span class=\"screen-reader-text\">Plage de prix\u00a0: 90&nbsp;&euro; \u00e0 150&nbsp;&euro;<\/span>","original_product_price":90,"price_including_tax":90,"price_excluding_tax":90,"product_id":{"parent":2437,"variation":false},"is_variable":true,"stock_status":"instock","stock_quantity":null,"parent_sku":"","product_attributes":{"pa_duration":{"is_variation":true,"values":[]}},"custom_fields":[],"is_taxable":false,"product_name":"Excursions en quad \u00e0 Budapest","hasImage":false},"fields":{"sec_364d49899d9a2f":{"extra":{"key":"sec_364d49899d9a2f","section_id":"sec_364d49899d9a2f","name":"Default","status":1,"cl_rule":"show","enableCl":false,"relations":[],"toggle":true,"title_tag":"h3","show_title":false,"showPrice":"default","form_id":2538,"form_rules":{"exclude_from_discount":false,"fee_label":"Fee","disp_hide_options_price":false,"disp_show_section_price":false,"disp_show_field_price":true,"layout_option":"standard","pric_use_as_fee":false,"process_fee_as":"woo_fee"},"layout_option":"standard"},"fields":[[{"active":true,"col":3,"relations":false,"cl_rule":"show","enableCl":false,"price":"{product_price}*{value}","enablePrice":true,"className":"","label_position":"default","desc_position":"default","type":"number","required":true,"elementId":"number_6545228101","label":"Nombre de quads \/ VTT ?","name":"number_6545228101","value":"2","error":false,"placeholder":"2","pricingType":"custom","isTemplate":false,"requiredError":"To help with planning, could you please let us know how many quads \/ ATVs you'll need for the trip?","minValueError":"The trip starts with a minimum of two individuals.","min":"2","gt_translate_keys":["label","placeholder","value","requiredError","minValueError"],"price_dependency":false,"cl_dependency":false},{"label":" Combien d'entre eux sont des deux places ?","active":true,"required":true,"elementId":"number-4646366624","value":"0","placeholder":"If you would like to travel together","name":"number-4646366624","label_position":"default","desc_position":"default","enablePrice":true,"className":"","enableCl":false,"relations":false,"pricingType":"custom","price":"{product_price}*{value}","use_as_fee":true,"cl_rule":"show","col":3,"type":"number","error":false,"isTemplate":false,"min":"0","requiredError":"To help with planning, could you please let us know how many 2 seater quads \/ ATVs you'll need for the trip?","minValueError":"To help with planning, could you please let us know how many 2 seater quads \/ ATVs you'll need for the trip?","tooltip":"You can share a Quad\/ATV with another person, but kindly let us know how many 2-seater Quads you'll require.","gt_translate_keys":["label","placeholder","value","tooltip","requiredError","minValueError"],"price_dependency":false,"cl_dependency":false}],[{"active":true,"col":6,"relations":false,"cl_rule":"show","enableCl":false,"price":"","enablePrice":false,"className":"","label_position":"default","desc_position":"default","type":"radio-group","required":true,"elementId":"radio_4507715194","label":"Avez-vous besoin d\u2019un transport depuis le centre-ville?","name":"radio_4507715194","values":[{"label":"Oui","value":"yes","selected":false,"tempId":"aco_249","gt_translate_keys":["label"]},{"label":"Non","value":"no","selected":false,"tempId":"aco_250","gt_translate_keys":["label"]}],"layOut":"","error":false,"checkUi":"","isWeightTemplate":false,"isTemplate":false,"min_quantity":"1","quantity_decimal":false,"quantity_step":"1","quantity_label":"Quantity","repeater_field_label":"{field_label}","repeater_bind":"","gt_translate_keys":["label","repeater_field_label","quantity_label"],"price_dependency":false,"cl_dependency":["number_1064d49899d9a5e"],"value":""}],[{"active":true,"col":6,"relations":[{"operator":false,"rules":[{"operator":"AND","rules":{"cl_field":"radio_4507715194","cl_relation":"is","cl_val":"yes"}}]}],"cl_rule":"show","enableCl":true,"price":"","enablePrice":false,"className":"","label_position":"default","desc_position":"default","type":"number","required":false,"elementId":"number_1064d49899d9a5e","label":"Nombre de personnes pour le transfert","name":"number_1064d49899d9a5e","value":"2","error":false,"enable_quantity":false,"quantity_label":"Person","min":"2","minValueError":"The trip starts with a minimum of two individuals.To plan the transportation, please let us know how many people will be joining the program","requiredError":"To plan the transportation, please let us know how many people will be joining the program","gt_translate_keys":["label","value","quantity_label","requiredError","minValueError"],"price_dependency":false,"cl_dependency":false}],[{"active":true,"col":6,"relations":false,"cl_rule":"show","enableCl":false,"price":"","enablePrice":false,"className":"","label_position":"default","desc_position":"default","type":"date","required":true,"elementId":"date_564d49899d9a6f","name":"date_564d49899d9a6f","label":"Veuillez choisir un ou plusieurs jours qui vous conviennent pour l\u2019excursion :","picker_type":"custom","picker_mode":"multiple","error":false,"date_pic_inline":true,"date_pic_inline_hide":true,"tooltip":"You can select more date ranges","min_date":{"type":"days","val":"1"},"hideFieldIn_cart":true,"hideFieldIn_order":false,"requiredError":"Tell us when you're free, so we can check availability.","gt_translate_keys":["label","tooltip","requiredError"],"price_dependency":false,"cl_dependency":false,"value":""}]]}},"config":{"price_override":"","enable_recaptcha":false,"bind_quantity":false,"quantity_bind_formula":false,"disp_summ_show_option_price":false,"disp_summ_show_product_price":false,"disp_summ_show_total_price":true,"disp_summ_show_fee":false,"disp_summ_show_discount":false,"summary_title":"","options_total_label":"Options Price","total_label":"Total","options_product_label":"Product Price","fee_label":"Fee","discount_label":"Discount","has_price":true,"has_quantity_formula":false},"mc_unit":1,"tax_rate":1,"tax_rate_real":1,"discount":{"percentage":0,"fixed":0},"design":{"conf":{"LabelPosition":"above","DescPosition":"above","UploadField":"custom_1","QuantityFieldStyle":"default"},"css":{"LeftLabelWidth":"120px"}},"formulas":[],"lookuptables":[],"clones":false,"cartKey":false}},"_links":{"self":[{"href":"https:\/\/budapestexperiences.com\/fr\/wp-json\/wp\/v2\/product\/2437","targetHints":{"allow":["GET"]}}],"collection":[{"href":"https:\/\/budapestexperiences.com\/fr\/wp-json\/wp\/v2\/product"}],"about":[{"href":"https:\/\/budapestexperiences.com\/fr\/wp-json\/wp\/v2\/types\/product"}],"replies":[{"embeddable":true,"href":"https:\/\/budapestexperiences.com\/fr\/wp-json\/wp\/v2\/comments?post=2437"}],"wp:featuredmedia":[{"embeddable":true,"href":"https:\/\/budapestexperiences.com\/fr\/wp-json\/wp\/v2\/media\/1724"}],"wp:attachment":[{"href":"https:\/\/budapestexperiences.com\/fr\/wp-json\/wp\/v2\/media?parent=2437"}],"wp:term":[{"taxonomy":"product_brand","embeddable":true,"href":"https:\/\/budapestexperiences.com\/fr\/wp-json\/wp\/v2\/product_brand?post=2437"},{"taxonomy":"product_cat","embeddable":true,"href":"https:\/\/budapestexperiences.com\/fr\/wp-json\/wp\/v2\/product_cat?post=2437"},{"taxonomy":"product_tag","embeddable":true,"href":"https:\/\/budapestexperiences.com\/fr\/wp-json\/wp\/v2\/product_tag?post=2437"}],"curies":[{"name":"wp","href":"https:\/\/api.w.org\/{rel}","templated":true}]}}