{"id":2423,"date":"2023-05-16T09:24:17","date_gmt":"2023-05-16T09:24:17","guid":{"rendered":"https:\/\/budapestexperiences.com\/shop\/experiences-de-drift-a-budapest\/"},"modified":"2025-07-18T11:49:56","modified_gmt":"2025-07-18T11:49:56","slug":"experiences-de-drift-a-budapest","status":"publish","type":"product","link":"https:\/\/budapestexperiences.com\/fr\/shop\/experiences-de-drift-a-budapest\/","title":{"rendered":"Exp\u00e9riences de drift \u00e0 Budapest"},"content":{"rendered":"<p>Pr\u00e9parez-vous : un monde compl\u00e8tement nouveau et super excitant s&rsquo;ouvrira \u00e0 vous, o\u00f9 vous sentirez la voiture plus que jamais.<\/p>\n<p>Avec nous, le programme ne s&rsquo;arr\u00eatera pas lorsque le premier jeu de pneus sera us\u00e9. Si cela se produit, apr\u00e8s un changement rapide de pneus, votre exp\u00e9rience de drift continue. <\/p>\n<p><strong>Le prix comprend :<\/strong><\/p>\n<ul>\n<li class=\"bullet-checkmark\">Transfert gratuit pour 4 personnes<\/li>\n<li class=\"bullet-checkmark\">Formation avec un instructeur professionnel.<\/li>\n<li class=\"bullet-checkmark\">Instructeur parlant anglais<\/li>\n<li class=\"bullet-checkmark\">Conduire une voiture de drift professionnelle<\/li>\n<li class=\"bullet-checkmark\">Carburant et pneus \u00e0 l&rsquo;infini<\/li>\n<\/ul>\n<p><strong>Le prix ne comprend pas :<\/strong><\/p>\n<ul>\n<li class=\"bullet-star\">Vos amis ne peuvent pas essayer de d\u00e9river mais ils peuvent voir votre d\u00e9rive.<\/li>\n<li class=\"bullet-star\">Vous ne pouvez pas choisir parmi les voitures de d\u00e9rive<\/li>\n<li class=\"bullet-star\">Vous ne pouvez pas d\u00e9river si vous avez 9 ans ou moins.<\/li>\n<\/ul>\n<p><strong>Que dois-je apporter ?<\/strong><\/p>\n<ul>\n<li>Nous vous conseillons de porter des v\u00eatements confortables. Portez des pantalons et des manches longues quel que soit le temps. <\/li>\n<li>Veillez \u00e0 porter des chaussures que vous utilisez au quotidien. Si vous \u00eates une femme et que vous pouvez conduire avec des talons hauts, apportez aussi des chaussures \u00e0 pieds plats \ud83d\ude42 <\/li>\n<li>Vous n&rsquo;avez qu&rsquo;\u00e0 apporter ce bon au programme, nous fournissons tout le reste.<\/li>\n<li>Il n&rsquo;est pas n\u00e9cessaire d&rsquo;\u00eatre titulaire d&rsquo;un permis de conduire valide.<\/li>\n<\/ul>\n","protected":false},"excerpt":{"rendered":"<p>Vous aurez un aper\u00e7u de cette sensation unique et incroyable que tout le monde ressent en conduisant une voiture de drift de moins de 1000 kg mais de pr\u00e8s de 300 chevaux. Si vous avez d\u00e9j\u00e0 vu une voiture de drift de pr\u00e8s et que vous aimez conduire, c&rsquo;est certainement l&rsquo;un de vos r\u00eaves de l&rsquo;essayer. <\/p>\n<p>Voici votre chance d&rsquo;apprendre les techniques de base d&rsquo;un pilote de drift professionnel, comme tourner sur soi-m\u00eame, faire des virages \u00e0 180 degr\u00e9s et, si vous \u00eates assez bon, vous aurez peut-\u00eatre le temps d&rsquo;apprendre \u00e0 faire des beignets et des virages au frein \u00e0 main.<\/p>\n<p>Une chose est absolument garantie : ce sera pour vous une exp\u00e9rience inoubliable, avec une \u00e9norme dose d&rsquo;adr\u00e9naline.<\/p>\n<p><strong>Veuillez s\u00e9lectionner une date \u00e0 laquelle vous souhaitez participer \u00e0 la formation \u00e0 la d\u00e9rive :<\/strong><\/p>\n","protected":false},"featured_media":671,"comment_status":"open","ping_status":"closed","template":"","meta":{"_acf_changed":false},"product_brand":[],"product_cat":[108],"product_tag":[],"class_list":{"0":"post-2423","1":"product","2":"type-product","3":"status-publish","4":"has-post-thumbnail","6":"product_cat-non-categorise","7":"wcpa_has_options","9":"first","10":"outofstock","11":"sold-individually","12":"shipping-taxable","13":"purchasable","14":"product-type-variable"},"acf":[],"wcpa_form_fields":{"wcpaData":{"product":{"product_price":250,"price_html":"<span class=\"woocommerce-Price-amount amount\" aria-hidden=\"true\"><bdi>250&nbsp;<span class=\"woocommerce-Price-currencySymbol\">&euro;<\/span><\/bdi><\/span> <span aria-hidden=\"true\">\u00a0\u2013\u00a0<\/span> <span class=\"woocommerce-Price-amount amount\" aria-hidden=\"true\"><bdi>550&nbsp;<span class=\"woocommerce-Price-currencySymbol\">&euro;<\/span><\/bdi><\/span><span class=\"screen-reader-text\">Plage de prix\u00a0: 250&nbsp;&euro; \u00e0 550&nbsp;&euro;<\/span>","original_product_price":250,"price_including_tax":250,"price_excluding_tax":250,"product_id":{"parent":2423,"variation":false},"is_variable":true,"stock_status":"outofstock","stock_quantity":null,"parent_sku":"","product_attributes":{"pa_duration":{"is_variation":true,"values":[]}},"custom_fields":[],"is_taxable":false,"product_name":"Exp\u00e9riences de drift \u00e0 Budapest","hasImage":false},"fields":{"sec_4647f3060c827a":{"extra":{"key":"sec_4647f3060c827a","section_id":"sec_4647f3060c827a","name":"Default","status":1,"cl_rule":"show","enableCl":false,"relations":[],"toggle":true,"title_tag":"h3","show_title":false,"showPrice":"default","form_id":2529,"form_rules":{"exclude_from_discount":false,"fee_label":"Fee","disp_hide_options_price":false,"disp_show_section_price":false,"disp_show_field_price":true,"layout_option":"standard","pric_use_as_fee":false,"process_fee_as":"woo_fee"},"layout_option":"standard"},"fields":[[{"active":true,"col":6,"relations":false,"cl_rule":"show","enableCl":false,"price":"","enablePrice":false,"className":"","label_position":"default","desc_position":"default","type":"radio-group","required":true,"elementId":"radio_4536560360","label":"Avez-vous besoin d\u2019un transport depuis le centre-ville?","name":"radio_4536560360","values":[{"label":"Oui","value":"yes","selected":false,"tempId":"aco_415","gt_translate_keys":["label"]},{"label":"Non","value":"no","selected":false,"tempId":"aco_416","gt_translate_keys":["label"]}],"layOut":"","error":false,"checkUi":"","isWeightTemplate":false,"isTemplate":false,"min_quantity":"1","quantity_decimal":false,"quantity_step":"1","quantity_label":"Quantity","repeater_field_label":"{field_label}","repeater_bind":"","gt_translate_keys":["label","repeater_field_label","quantity_label"],"price_dependency":false,"cl_dependency":["number_7137198987"],"value":""}],[{"active":true,"col":6,"relations":[{"operator":false,"rules":[{"operator":"AND","rules":{"cl_field":"radio_4536560360","cl_relation":"is","cl_val":"yes"}}]}],"cl_rule":"show","enableCl":true,"price":"","enablePrice":false,"className":"","label_position":"default","desc_position":"default","type":"number","required":false,"elementId":"number_7137198987","label":"Nombre de personnes pour le transfert","name":"number_7137198987","value":"1","error":false,"enable_quantity":false,"quantity_label":"Person","requiredError":"To plan the transportation, please let us know how many people will be joining the program.","minValueError":"To plan the transportation, please let us know how many people will be joining the program.","min":"1","gt_translate_keys":["label","value","quantity_label","requiredError","minValueError"],"price_dependency":false,"cl_dependency":false}],[{"active":true,"col":6,"relations":false,"cl_rule":"show","enableCl":false,"price":"","enablePrice":false,"className":"","label_position":"default","desc_position":"default","type":"date","required":true,"elementId":"date_1051387426","name":"date_1051387426","label":"Veuillez choisir un ou plusieurs jours qui vous conviennent pour le drift:","picker_type":"custom","picker_mode":"multiple","error":false,"date_pic_inline":true,"date_pic_inline_hide":true,"tooltip":"You can select more date ranges","min_date":{"type":"days","val":"1"},"hideFieldIn_cart":true,"hideFieldIn_order":false,"requiredError":"Tell us when you're free, so we can check availability.","gt_translate_keys":["label","tooltip","requiredError"],"price_dependency":false,"cl_dependency":false,"value":""}]]}},"config":{"price_override":"","enable_recaptcha":false,"bind_quantity":false,"quantity_bind_formula":false,"disp_summ_show_option_price":true,"disp_summ_show_product_price":true,"disp_summ_show_total_price":true,"disp_summ_show_fee":false,"disp_summ_show_discount":false,"summary_title":"","options_total_label":"Options Price","total_label":"Total","options_product_label":"Product Price","fee_label":"Fee","discount_label":"Discount","has_price":true,"has_quantity_formula":false},"mc_unit":1,"tax_rate":1,"tax_rate_real":1,"discount":{"percentage":0,"fixed":0},"design":{"conf":{"LabelPosition":"above","DescPosition":"above","UploadField":"custom_1","QuantityFieldStyle":"default"},"css":{"LeftLabelWidth":"120px"}},"formulas":[],"lookuptables":[],"clones":false,"cartKey":false}},"_links":{"self":[{"href":"https:\/\/budapestexperiences.com\/fr\/wp-json\/wp\/v2\/product\/2423","targetHints":{"allow":["GET"]}}],"collection":[{"href":"https:\/\/budapestexperiences.com\/fr\/wp-json\/wp\/v2\/product"}],"about":[{"href":"https:\/\/budapestexperiences.com\/fr\/wp-json\/wp\/v2\/types\/product"}],"replies":[{"embeddable":true,"href":"https:\/\/budapestexperiences.com\/fr\/wp-json\/wp\/v2\/comments?post=2423"}],"wp:featuredmedia":[{"embeddable":true,"href":"https:\/\/budapestexperiences.com\/fr\/wp-json\/wp\/v2\/media\/671"}],"wp:attachment":[{"href":"https:\/\/budapestexperiences.com\/fr\/wp-json\/wp\/v2\/media?parent=2423"}],"wp:term":[{"taxonomy":"product_brand","embeddable":true,"href":"https:\/\/budapestexperiences.com\/fr\/wp-json\/wp\/v2\/product_brand?post=2423"},{"taxonomy":"product_cat","embeddable":true,"href":"https:\/\/budapestexperiences.com\/fr\/wp-json\/wp\/v2\/product_cat?post=2423"},{"taxonomy":"product_tag","embeddable":true,"href":"https:\/\/budapestexperiences.com\/fr\/wp-json\/wp\/v2\/product_tag?post=2423"}],"curies":[{"name":"wp","href":"https:\/\/api.w.org\/{rel}","templated":true}]}}