{"id":1439,"date":"2023-11-26T19:05:01","date_gmt":"2023-11-26T19:05:01","guid":{"rendered":"https:\/\/budapestexperiences.com\/?post_type=product&#038;p=1439"},"modified":"2023-11-28T13:25:30","modified_gmt":"2023-11-28T13:25:30","slug":"frocskolo","status":"publish","type":"product","link":"https:\/\/budapestexperiences.com\/fr\/shop\/frocskolo\/","title":{"rendered":"Fr\u00f6csk\u00f6l\u0151"},"content":{"rendered":"","protected":false},"excerpt":{"rendered":"<p><span data-sheets-root=\"1\" data-sheets-value=\"{&quot;1&quot;:2,&quot;2&quot;:&quot;The place where you can momentarily forget about rules and limitations, everyday problems, and even about YOURSELF! In Fr\u00f6csk\u00f6l\u0151, you can freely indulge in carefree and creative fun, breaking away for a while from the whirlwind of gray weekdays.\\nWe created FR\u00d6CSK\u00d6L\u0150 so that kids and adults, friends and families, singles and couples alike can enjoy and experience the FULL CREATIVE FREEDOM\\n&quot;}\" data-sheets-userformat=\"{&quot;2&quot;:513,&quot;3&quot;:{&quot;1&quot;:0},&quot;12&quot;:0}\">The place where you can momentarily forget about rules and limitations, everyday problems, and even about YOURSELF! In Fr\u00f6csk\u00f6l\u0151, you can freely indulge in carefree and creative fun, breaking away for a while from the whirlwind of gray weekdays.<br \/>\nWe created FR\u00d6CSK\u00d6L\u0150 so that kids and adults, friends and families, singles and couples alike can enjoy and experience the FULL CREATIVE FREEDOM<br \/>\n<\/span><\/p>\n<p>&nbsp;<\/p>\n","protected":false},"featured_media":1465,"comment_status":"open","ping_status":"closed","template":"","meta":{"_acf_changed":false},"product_brand":[],"product_cat":[18],"product_tag":[],"class_list":{"0":"post-1439","1":"product","2":"type-product","3":"status-publish","4":"has-post-thumbnail","6":"product_cat-uncategorized","8":"first","9":"instock","10":"shipping-taxable","11":"purchasable","12":"product-type-variable"},"acf":[],"wcpa_form_fields":null,"_links":{"self":[{"href":"https:\/\/budapestexperiences.com\/fr\/wp-json\/wp\/v2\/product\/1439","targetHints":{"allow":["GET"]}}],"collection":[{"href":"https:\/\/budapestexperiences.com\/fr\/wp-json\/wp\/v2\/product"}],"about":[{"href":"https:\/\/budapestexperiences.com\/fr\/wp-json\/wp\/v2\/types\/product"}],"replies":[{"embeddable":true,"href":"https:\/\/budapestexperiences.com\/fr\/wp-json\/wp\/v2\/comments?post=1439"}],"wp:featuredmedia":[{"embeddable":true,"href":"https:\/\/budapestexperiences.com\/fr\/wp-json\/wp\/v2\/media\/1465"}],"wp:attachment":[{"href":"https:\/\/budapestexperiences.com\/fr\/wp-json\/wp\/v2\/media?parent=1439"}],"wp:term":[{"taxonomy":"product_brand","embeddable":true,"href":"https:\/\/budapestexperiences.com\/fr\/wp-json\/wp\/v2\/product_brand?post=1439"},{"taxonomy":"product_cat","embeddable":true,"href":"https:\/\/budapestexperiences.com\/fr\/wp-json\/wp\/v2\/product_cat?post=1439"},{"taxonomy":"product_tag","embeddable":true,"href":"https:\/\/budapestexperiences.com\/fr\/wp-json\/wp\/v2\/product_tag?post=1439"}],"curies":[{"name":"wp","href":"https:\/\/api.w.org\/{rel}","templated":true}]}}