{"id":1396,"date":"2023-11-26T18:42:45","date_gmt":"2023-11-26T18:42:45","guid":{"rendered":"https:\/\/budapestexperiences.com\/?post_type=product&#038;p=1396"},"modified":"2025-06-18T07:26:25","modified_gmt":"2025-06-18T07:26:25","slug":"csopa-science-center","status":"publish","type":"product","link":"https:\/\/budapestexperiences.com\/fr\/shop\/csopa-science-center\/","title":{"rendered":"Csopa science center"},"content":{"rendered":"","protected":false},"excerpt":{"rendered":"<p><span data-sheets-root=\"1\" data-sheets-value=\"{&quot;1&quot;:2,&quot;2&quot;:&quot;You are welcome to our indoor and outdoor fields in Budapest and T\u00f6k\u00f6l all year round! You can choose from our 8 fields in T\u00f6k\u00f6l, and in Budapest you can play every day of the year in The Cave, whatever the weather may be. You are sure to find your favorite! nPaintball is a safe, yet exciting recreational sports game, recommended over the age of 12.n&quot;}\" data-sheets-userformat=\"{&quot;2&quot;:513,&quot;3&quot;:{&quot;1&quot;:0},&quot;12&quot;:0}\">The Palace of Wonders (Csod\u00e1k Palot\u00e1ja) is Hungary&rsquo;s first interactive science playroom, welcoming visitors eager to learn through play for over 20 years, spanning all age groups. Csopa offers a full-day program, featuring over 250 games and devices showcasing physical phenomena. In the lecture hall named after Professor \u00d6veges, there are four exciting daily lectures and experiment demonstrations. Visitors can also enjoy spectacular 5D, 9D, and Circular Cinema Experience screenings, along with diverse activities. Csopa in \u00d3buda not only provides an excellent weekend family and children&rsquo;s program but also serves as an exhilarating venue for unique birthday parties and unforgettable dates!<\/span><\/p>\n","protected":false},"featured_media":1460,"comment_status":"open","ping_status":"closed","template":"","meta":{"_acf_changed":false},"product_brand":[],"product_cat":[18],"product_tag":[],"class_list":{"0":"post-1396","1":"product","2":"type-product","3":"status-publish","4":"has-post-thumbnail","6":"product_cat-uncategorized","8":"first","9":"instock","10":"shipping-taxable","11":"purchasable","12":"product-type-variable"},"acf":[],"wcpa_form_fields":null,"_links":{"self":[{"href":"https:\/\/budapestexperiences.com\/fr\/wp-json\/wp\/v2\/product\/1396","targetHints":{"allow":["GET"]}}],"collection":[{"href":"https:\/\/budapestexperiences.com\/fr\/wp-json\/wp\/v2\/product"}],"about":[{"href":"https:\/\/budapestexperiences.com\/fr\/wp-json\/wp\/v2\/types\/product"}],"replies":[{"embeddable":true,"href":"https:\/\/budapestexperiences.com\/fr\/wp-json\/wp\/v2\/comments?post=1396"}],"wp:featuredmedia":[{"embeddable":true,"href":"https:\/\/budapestexperiences.com\/fr\/wp-json\/wp\/v2\/media\/1460"}],"wp:attachment":[{"href":"https:\/\/budapestexperiences.com\/fr\/wp-json\/wp\/v2\/media?parent=1396"}],"wp:term":[{"taxonomy":"product_brand","embeddable":true,"href":"https:\/\/budapestexperiences.com\/fr\/wp-json\/wp\/v2\/product_brand?post=1396"},{"taxonomy":"product_cat","embeddable":true,"href":"https:\/\/budapestexperiences.com\/fr\/wp-json\/wp\/v2\/product_cat?post=1396"},{"taxonomy":"product_tag","embeddable":true,"href":"https:\/\/budapestexperiences.com\/fr\/wp-json\/wp\/v2\/product_tag?post=1396"}],"curies":[{"name":"wp","href":"https:\/\/api.w.org\/{rel}","templated":true}]}}