{"id":2341,"date":"2023-05-05T11:51:05","date_gmt":"2023-05-05T11:51:05","guid":{"rendered":"https:\/\/budapestexperiences.com\/politique-de-confidentialite\/"},"modified":"2025-07-18T11:44:27","modified_gmt":"2025-07-18T11:44:27","slug":"politique-de-confidentialite","status":"publish","type":"page","link":"https:\/\/budapestexperiences.com\/fr\/politique-de-confidentialite\/","title":{"rendered":"Politique de confidentialit\u00e9"},"content":{"rendered":"  <div id=\"page-header-1171836938\" class=\"page-header-wrapper\">\n  <div class=\"page-title dark featured-title\">\n\n        <div class=\"page-title-bg\">\n      <div class=\"title-bg fill bg-fill\"\n        data-parallax-container=\".page-title\"\n        data-parallax-background\n        data-parallax=\"-\">\n      <\/div>\n      <div class=\"title-overlay fill\"><\/div>\n    <\/div>\n    \n    <div class=\"page-title-inner container align-center flex-row medium-flex-wrap\" >\n              <div class=\"title-wrapper flex-col text-left medium-text-center\">\n          <h1 class=\"entry-title mb-0\">\n            Politique de confidentialit\u00e9          <\/h1>\n        <\/div>\n                    <div class=\"title-content flex-col flex-right text-right medium-text-center\">\n        <div class=\"title-breadcrumbs pb-half pt-half\"><nav class=\"woocommerce-breadcrumb breadcrumbs uppercase\" aria-label=\"Breadcrumb\">Accueil<\/nav><\/div>      <\/div>\n    <\/div>\n\n     \n<style>\n#page-header-1171836938 .title-bg {\n  background-image: url(https:\/\/budapestexperiences.com\/wp-content\/uploads\/2023\/05\/budapest-experiences-best-adventures.jpg);\n  background-position: 0% 19%;\n}\n<\/style>\n  <\/div>\n    <\/div>\n  \n\n\t<section class=\"section\" id=\"section_1596135108\">\n\t\t<div class=\"section-bg fill\" >\n\t\t\t\t\t\t\t\t\t\n\t\t\t\n\n\t\t<\/div>\n\n\t\t\n\n\t\t<div class=\"section-content relative\">\n\t\t\t\n<div class=\"row\"  id=\"row-216083712\">\n\n\t<div id=\"col-432302050\" class=\"col small-12 large-12\"  >\n\t\t\t\t<div class=\"col-inner\"  >\n\t\t\t\n\t\t\t\n<p>Fodor-Berecz Anna E.V. (ci-apr\u00e8s d\u00e9nomm\u00e9 : Prestataire de services), en tant que responsable du traitement des donn\u00e9es, reconna\u00eet le caract\u00e8re contraignant du contenu du pr\u00e9sent avis juridique. Il s&rsquo;engage \u00e0 veiller \u00e0 ce que tous les traitements de donn\u00e9es li\u00e9s \u00e0 ses activit\u00e9s soient conformes aux attentes \u00e9nonc\u00e9es dans la pr\u00e9sente politique et aux r\u00e9glementations l\u00e9gales pertinentes. <\/p>\n<p>La pr\u00e9sente politique a pour objet de garantir que, dans tous les domaines des services fournis par le prestataire de services \u00e0 toute personne physique (ci-apr\u00e8s : l&rsquo;utilisateur), ind\u00e9pendamment de sa nationalit\u00e9 ou de son lieu de r\u00e9sidence, ses droits et libert\u00e9s fondamentales, en particulier le droit \u00e0 la vie priv\u00e9e, sont respect\u00e9s lors du traitement automatis\u00e9 de ses donn\u00e9es \u00e0 caract\u00e8re personnel. Le Prestataire respecte les droits des Utilisateurs du site Internet www.budapestexperiences.com (ci-apr\u00e8s : Site Internet) ; les donn\u00e9es personnelles enregistr\u00e9es sont trait\u00e9es de mani\u00e8re confidentielle conform\u00e9ment aux lois sur la protection des donn\u00e9es et aux recommandations internationales, comme sp\u00e9cifi\u00e9 dans la pr\u00e9sente d\u00e9claration de traitement des donn\u00e9es. En utilisant le site Web, l&rsquo;utilisateur accepte ce qui suit et consent au traitement des donn\u00e9es d\u00e9fini ci-dessous.  <\/p>\n<p>Finalit\u00e9 du traitement des donn\u00e9es : Le prestataire de services traite les donn\u00e9es fournies par l&rsquo;utilisateur \u00e0 des fins sp\u00e9cifiques, exclusivement pour l&rsquo;ex\u00e9cution des contrats, la livraison des produits command\u00e9s, l&rsquo;envoi de bulletins d&rsquo;information, la facturation, le maintien du contact et la v\u00e9rification ult\u00e9rieure des conditions du contrat.<\/p>\n<p>Base juridique du traitement des donn\u00e9es : Le traitement des donn\u00e9es par le prestataire de services est bas\u00e9 sur le consentement volontaire des utilisateurs conform\u00e9ment \u00e0 la section 5 (1) (a) de la loi CXII de 2011 sur l&rsquo;autod\u00e9termination informationnelle et la libert\u00e9 d&rsquo;information (ci-apr\u00e8s : Infotv.), ainsi que la loi CVIII de 2001 sur certaines questions relatives aux services de commerce \u00e9lectronique et aux services de la soci\u00e9t\u00e9 de l&rsquo;information. Les utilisateurs donnent leur consentement pour chaque traitement de donn\u00e9es en utilisant le site Web, en s&rsquo;inscrivant ou en fournissant volontairement les donn\u00e9es pertinentes. <\/p>\n<p>Identification du responsable du traitement :<\/p>\n<p>Nom : Fodor-Berecz Anna E.V.<\/p>\n<p>Adresse postale : 1158 Budapest, Ady Endre utca 7.<\/p>\n<p>Num\u00e9ro d&rsquo;enregistrement : 54996100<\/p>\n<p>Num\u00e9ro d&rsquo;identification fiscale : 56360699-1-42<\/p>\n<p>Adresse \u00e9lectronique : <a href=\"mailto:info@budapestexperiences.com\">info@budapestexperiences.com<\/a><\/p>\n<p>Num\u00e9ro de t\u00e9l\u00e9phone : +36 70 418 5411<\/p>\n<p>Dur\u00e9e du traitement des donn\u00e9es : Le traitement des donn\u00e9es personnelles fournies au cours de la proc\u00e9dure d&rsquo;enregistrement commence au moment de l&rsquo;enregistrement et se poursuit jusqu&rsquo;\u00e0 leur suppression. Dans le cas de donn\u00e9es non obligatoires, le traitement des donn\u00e9es dure \u00e0 partir du moment de la soumission des donn\u00e9es jusqu&rsquo;\u00e0 la suppression de ces donn\u00e9es sp\u00e9cifiques. Apr\u00e8s la suppression, les donn\u00e9es de l&rsquo;utilisateur seront rapidement supprim\u00e9es du syst\u00e8me du prestataire de services. Dans les trois jours ouvrables suivant la r\u00e9ception de la demande, le prestataire de services supprimera les donn\u00e9es de l&rsquo;utilisateur de son syst\u00e8me.   <\/p>\n<p>Ces dispositions n&rsquo;affectent pas le respect des obligations de conservation d\u00e9finies dans les r\u00e9glementations l\u00e9gales (par exemple, les r\u00e9glementations comptables) et le traitement des donn\u00e9es sur la base d&rsquo;un consentement suppl\u00e9mentaire donn\u00e9 lors de l&rsquo;enregistrement sur le site web ou de toute autre mani\u00e8re.<\/p>\n<p>Port\u00e9e des donn\u00e9es trait\u00e9es : Donn\u00e9es techniques Lors de la navigation sur le site web, des informations techniques sont enregistr\u00e9es (par exemple, sous la forme de fichiers journaux contenant l&rsquo;adresse IP de l&rsquo;utilisateur, l&rsquo;horodatage, l&rsquo;URL des pages visit\u00e9es). Le syst\u00e8me enregistre continuellement ces donn\u00e9es mais ne les relie pas aux donn\u00e9es fournies lors de l&rsquo;enregistrement ou de l&rsquo;utilisation. Les informations obtenues ne sont accessibles qu&rsquo;au prestataire de services, et non aux utilisateurs. Le prestataire de services utilise ces informations uniquement pour le fonctionnement technique du site web et \u00e0 des fins statistiques.   <\/p>\n<p>Cookies Le syst\u00e8me identifie l&rsquo;ordinateur du visiteur \u00e0 l&rsquo;aide d&rsquo;un cookie. Pour s&rsquo;assurer que tout le contenu du site web du prestataire de services peut \u00eatre visualis\u00e9, les utilisateurs doivent activer les cookies. Par cons\u00e9quent, lorsque vous acc\u00e9dez \u00e0 certaines parties du site web, des cookies sont plac\u00e9s sur l&rsquo;ordinateur de l&rsquo;utilisateur, ce qui est n\u00e9cessaire au fonctionnement de certaines fonctionnalit\u00e9s du site web.  <\/p>\n<p>Les cookies sont de petits fichiers texte qui sont stock\u00e9s sur l&rsquo;ordinateur et dans le navigateur. Les utilisateurs ne recevront pas d&rsquo;autres notifications du prestataire de services \u00e0 ce sujet. <\/p>\n<p>Les cookies utilis\u00e9s sur le site web sont \u00e9num\u00e9r\u00e9s dans les Informations sur les cookies. Informations sur les cookies : https:\/\/budapestexperiences.com\/cookie-tajekoztato\/ <\/p>\n<p>Personnes ayant acc\u00e8s aux donn\u00e9es En premier lieu, seuls le prestataire de services et son personnel interne ont acc\u00e8s aux donn\u00e9es. Les donn\u00e9es ne seront pas publi\u00e9es, ni partag\u00e9es avec des tiers, sauf si l&rsquo;utilisateur a donn\u00e9 son consentement explicite. Elles ne seront utilis\u00e9es qu&rsquo;aux fins d\u00e9finies dans la d\u00e9claration relative au traitement des donn\u00e9es.  <\/p>\n<p>Traitement des donn\u00e9es Pour l&rsquo;ex\u00e9cution des commandes, la livraison des produits et l&rsquo;exploitation du site web, le prestataire de services fait appel \u00e0 des sous-traitants. L&rsquo;op\u00e9rateur du site Web assure l&rsquo;exploitation, la maintenance et le d\u00e9veloppement du serveur central, et les donn\u00e9es personnelles fournies par l&rsquo;utilisateur sont stock\u00e9es sur le serveur sous son contr\u00f4le. <\/p>\n<p>Nom de la soci\u00e9t\u00e9 Adresse Activit\u00e9 KBOSS.hu Kft (Sz\u00e1ml\u00e1zz.hu) 1031 Budapest, Z\u00e1hony utca 7. T\u00e2ches li\u00e9es \u00e0 la facturation JonhnnyVPS EU servers Europe, Germany, L\u00e4rchenstra\u00dfe 110 Hosting service Foxpost Zrt. 3300 Eger, Makl\u00e1ri \u00fat 119. Soci\u00e9t\u00e9 de logistique et, en tant que sous-traitant dans ce contexte, The Rocket Sience Group, l&rsquo;op\u00e9rateur de <a href=\"http:\/\/www.mailchimp.com\/\">www.mailchimp.com.<\/a>   <\/p>\n<p>La s\u00e9lection des partenaires par le prestataire de services a \u00e9t\u00e9 pr\u00e9c\u00e9d\u00e9e d&rsquo;une pr\u00e9paration minutieuse, et ils sont tenus de traiter les donn\u00e9es confidentielles dont ils ont connaissance conform\u00e9ment aux exigences l\u00e9gales et \u00e0 nos normes de protection des donn\u00e9es.<\/p>\n<p>S\u00e9curit\u00e9 des donn\u00e9es Le prestataire de services prend toutes les mesures n\u00e9cessaires pour assurer la s\u00e9curit\u00e9 des donn\u00e9es personnelles fournies par les utilisateurs sur le site Web lors de la communication, du stockage et de la conservation sur le r\u00e9seau.<\/p>\n<p>L&rsquo;acc\u00e8s aux donn\u00e9es \u00e0 caract\u00e8re personnel est strictement limit\u00e9 afin d&#8217;emp\u00eacher tout acc\u00e8s non autoris\u00e9, toute divulgation non autoris\u00e9e, toute modification non autoris\u00e9e ou toute utilisation non autoris\u00e9e des donn\u00e9es \u00e0 caract\u00e8re personnel.<\/p>\n<p>Les utilisateurs ont le droit de demander des informations sur leurs donn\u00e9es personnelles trait\u00e9es par le prestataire de services et, \u00e0 l&rsquo;exception de l&rsquo;adresse \u00e9lectronique fournie lors de l&rsquo;inscription, ils peuvent les modifier \u00e0 tout moment, comme le pr\u00e9voient les CGV.<\/p>\n<p>\u00c0 la demande de l&rsquo;utilisateur, le prestataire de services fournira des informations sur les donn\u00e9es trait\u00e9es, la finalit\u00e9, la base juridique, la dur\u00e9e du traitement des donn\u00e9es, ainsi que sur les personnes qui ont re\u00e7u ou recevront les donn\u00e9es et sur la finalit\u00e9 de ce traitement. Le prestataire de services fournira les informations demand\u00e9es par \u00e9crit dans un d\u00e9lai de 30 jours \u00e0 compter de la pr\u00e9sentation de la demande. <\/p>\n<p>L&rsquo;utilisateur peut adresser toute question ou observation concernant le traitement des donn\u00e9es au repr\u00e9sentant du prestataire de services par le biais des coordonn\u00e9es indiqu\u00e9es ci-dessous.<\/p>\n<p>Correction, stockage et blocage des donn\u00e9es Les utilisateurs ont le droit de demander la correction des donn\u00e9es enregistr\u00e9es de mani\u00e8re incorrecte ou la suppression de ces donn\u00e9es en contactant les coordonn\u00e9es indiqu\u00e9es ci-dessous. Le prestataire de services supprimera les donn\u00e9es dans un d\u00e9lai de trois jours ouvrables \u00e0 compter de la r\u00e9ception de la demande ; dans ce cas, les donn\u00e9es ne peuvent pas \u00eatre restaur\u00e9es. L&rsquo;effacement ne s&rsquo;applique pas au traitement des donn\u00e9es requis par la loi (par exemple, les r\u00e8gles comptables), qui seront conserv\u00e9es par le prestataire de services pendant la p\u00e9riode n\u00e9cessaire.  <\/p>\n<p>Les utilisateurs peuvent \u00e9galement demander le blocage de leurs donn\u00e9es. Le prestataire de services bloquera les donn\u00e9es personnelles si l&rsquo;utilisateur le demande ou si l&rsquo;on peut supposer, sur la base des informations disponibles, que la suppression porterait atteinte aux int\u00e9r\u00eats l\u00e9gitimes de l&rsquo;utilisateur. Les donn\u00e9es personnelles bloqu\u00e9es ne peuvent \u00eatre trait\u00e9es que tant que la finalit\u00e9 du traitement des donn\u00e9es emp\u00eache leur suppression.  <\/p>\n<p>En ce qui concerne la correction, le blocage et la suppression, l&rsquo;utilisateur et toutes les personnes qui ont re\u00e7u pr\u00e9c\u00e9demment les donn\u00e9es aux fins du traitement des donn\u00e9es doivent \u00eatre notifi\u00e9s. La notification peut \u00eatre omise si elle ne porte pas atteinte aux int\u00e9r\u00eats l\u00e9gitimes de l&rsquo;utilisateur en ce qui concerne la finalit\u00e9 du traitement des donn\u00e9es. <\/p>\n<p>Si le responsable du traitement ne r\u00e9pond pas \u00e0 la demande de correction, de blocage ou d&rsquo;effacement dans les 30 jours suivant la r\u00e9ception de la demande, il fournira des informations \u00e9crites sur les raisons factuelles et juridiques du rejet de la demande de correction, de blocage ou d&rsquo;effacement.<\/p>\n<p>Opposition au traitement des donn\u00e9es L&rsquo;utilisateur peut s&rsquo;opposer au traitement de ses donn\u00e9es personnelles. Le prestataire de services examinera l&rsquo;objection dans les plus brefs d\u00e9lais \u00e0 compter de l&rsquo;introduction de la demande, mais au plus tard dans les 15 jours, statuera sur sa validit\u00e9 et informera le demandeur par \u00e9crit de sa d\u00e9cision. <\/p>\n<p>La personne concern\u00e9e peut exercer ses droits en utilisant les coordonn\u00e9es suivantes :<\/p>\n<p>Nom : Fodor-Berecz Anna E.V. Adresse postale : 1158 Budapest, Ady Endre utca 7. Courriel : info@budapestexperiences.com <\/p>\n<p>L&rsquo;utilisateur peut faire valoir ses droits en justice sur la base de l&rsquo;Infotv. et du code civil (loi IV de 1959). Il peut \u00e9galement s&rsquo;adresser \u00e0 l&rsquo;Autorit\u00e9 nationale pour la protection des donn\u00e9es et la libert\u00e9 d&rsquo;information (1374 Budapest, Pf. 603 ; <a href=\"http:\/\/www.naih.hu\/\">www.naih.hu).<\/a>  <\/p>\n<p>Bulletin d&rsquo;information Le prestataire de services permet \u00e0 l&rsquo;utilisateur de s&rsquo;abonner au bulletin d&rsquo;information sur le site Web, ind\u00e9pendamment de son inscription. La lettre d&rsquo;information contient des \u00e9l\u00e9ments de marketing direct et des publicit\u00e9s. Lors de l&rsquo;utilisation de la lettre d&rsquo;information, le prestataire de services traite les donn\u00e9es fournies par l&rsquo;utilisateur.  <\/p>\n<p>L&rsquo;Utilisateur peut se d\u00e9sabonner des lettres d&rsquo;information \u00e0 tout moment, sans restriction ni justification, et ce gratuitement. Il peut le faire par lettre, par courrier \u00e9lectronique ou en cliquant sur le lien \u00ab\u00a0Se d\u00e9sabonner\u00a0\u00bb au bas des lettres d&rsquo;information. Dans ce cas, le prestataire de services supprimera de ses archives toutes les donn\u00e9es personnelles n\u00e9cessaires \u00e0 l&rsquo;envoi des lettres d&rsquo;information et ne contactera plus l&rsquo;utilisateur avec d&rsquo;autres lettres d&rsquo;information ou offres. Le prestataire de services n&rsquo;enverra des courriers \u00e9lectroniques contenant des publicit\u00e9s ou des annonces (newsletter) aux adresses \u00e9lectroniques fournies lors de l&rsquo;inscription qu&rsquo;avec le consentement explicite de l&rsquo;utilisateur, conform\u00e9ment aux exigences l\u00e9gales et de la mani\u00e8re requise.   <\/p>\n<p>Autres dispositions Le prestataire de services se r\u00e9serve le droit de modifier unilat\u00e9ralement la pr\u00e9sente politique de traitement des donn\u00e9es en en informant pr\u00e9alablement les utilisateurs. Apr\u00e8s l&rsquo;entr\u00e9e en vigueur de la modification, les utilisateurs acceptent implicitement les dispositions de la politique de traitement des donn\u00e9es modifi\u00e9e en utilisant le service. <\/p>\n<p>Si l&rsquo;utilisateur a fourni les donn\u00e9es d&rsquo;un tiers lors de l&rsquo;utilisation du service, que ce soit lors de l&rsquo;inscription ou de l&rsquo;abonnement \u00e0 la lettre d&rsquo;information, ou s&rsquo;il a caus\u00e9 un pr\u00e9judice de quelque mani\u00e8re que ce soit lors de l&rsquo;utilisation du site web, le prestataire de services est en droit de demander des dommages-int\u00e9r\u00eats \u00e0 l&rsquo;utilisateur.<\/p>\n<p>Le prestataire de services ne v\u00e9rifie pas les donn\u00e9es personnelles qui lui sont fournies. L&rsquo;ad\u00e9quation des donn\u00e9es fournies rel\u00e8ve de la seule responsabilit\u00e9 de la personne qui les fournit. Lorsqu&rsquo;il fournit une adresse \u00e9lectronique, tout utilisateur assume \u00e9galement la responsabilit\u00e9 de veiller \u00e0 ce que l&rsquo;adresse \u00e9lectronique fournie soit utilis\u00e9e exclusivement par lui dans le but de recevoir le service. En ce qui concerne cette responsabilit\u00e9, toute responsabilit\u00e9 li\u00e9e aux connexions effectu\u00e9es avec une adresse \u00e9lectronique fournie incombe exclusivement \u00e0 l&rsquo;utilisateur qui a enregistr\u00e9 l&rsquo;adresse \u00e9lectronique.   <\/p>\n<p>En utilisant le site web, l&rsquo;utilisateur enregistr\u00e9 s&rsquo;engage \u00e9galement \u00e0 veiller \u00e0 ce que le contenu, les donn\u00e9es fournies et les informations modifiables et affich\u00e9es sur le site web ne violent pas les droits et les int\u00e9r\u00eats l\u00e9gitimes de tiers et du prestataire de services.<\/p>\n<p>Dans les cas susmentionn\u00e9s, le prestataire de services fournira toute l&rsquo;assistance possible aux autorit\u00e9s comp\u00e9tentes afin de d\u00e9terminer l&rsquo;identit\u00e9 de la personne en infraction. Dans ces cas, ou en cas de non-respect des CGV, le prestataire de services est en droit de supprimer l&rsquo;inscription de l&rsquo;utilisateur ou de le d\u00e9sinscrire de la lettre d&rsquo;information ; dans ce cas, le prestataire de services n&rsquo;est pas responsable des dommages r\u00e9sultant de la suppression pour non-respect des CGV. <\/p>\n<p>Date d&rsquo;entr\u00e9e en vigueur de la pr\u00e9sente politique de traitement des donn\u00e9es : 1er ao\u00fbt 2023.<\/p>\n<\/p>\n\t\t<\/div>\n\t\t\t\t\t<\/div>\n\n\t\n<\/div>\n\t\t<\/div>\n\n\t\t\n<style>\n#section_1596135108 {\n  padding-top: 30px;\n  padding-bottom: 30px;\n}\n<\/style>\n\t<\/section>\n\t\n","protected":false},"excerpt":{"rendered":"","protected":false},"author":1,"featured_media":0,"parent":0,"menu_order":0,"comment_status":"closed","ping_status":"open","template":"","meta":{"_acf_changed":false,"footnotes":""},"class_list":["post-2341","page","type-page","status-publish","hentry"],"acf":[],"_links":{"self":[{"href":"https:\/\/budapestexperiences.com\/fr\/wp-json\/wp\/v2\/pages\/2341","targetHints":{"allow":["GET"]}}],"collection":[{"href":"https:\/\/budapestexperiences.com\/fr\/wp-json\/wp\/v2\/pages"}],"about":[{"href":"https:\/\/budapestexperiences.com\/fr\/wp-json\/wp\/v2\/types\/page"}],"author":[{"embeddable":true,"href":"https:\/\/budapestexperiences.com\/fr\/wp-json\/wp\/v2\/users\/1"}],"replies":[{"embeddable":true,"href":"https:\/\/budapestexperiences.com\/fr\/wp-json\/wp\/v2\/comments?post=2341"}],"version-history":[{"count":2,"href":"https:\/\/budapestexperiences.com\/fr\/wp-json\/wp\/v2\/pages\/2341\/revisions"}],"predecessor-version":[{"id":2343,"href":"https:\/\/budapestexperiences.com\/fr\/wp-json\/wp\/v2\/pages\/2341\/revisions\/2343"}],"wp:attachment":[{"href":"https:\/\/budapestexperiences.com\/fr\/wp-json\/wp\/v2\/media?parent=2341"}],"curies":[{"name":"wp","href":"https:\/\/api.w.org\/{rel}","templated":true}]}}