{"id":2461,"date":"2023-05-16T16:20:40","date_gmt":"2023-05-16T16:20:40","guid":{"rendered":"https:\/\/budapestexperiences.com\/shop\/vergnuegungsfluege-in-budapest\/"},"modified":"2025-07-18T11:49:53","modified_gmt":"2025-07-18T11:49:53","slug":"vergnuegungsfluege-in-budapest","status":"publish","type":"product","link":"https:\/\/budapestexperiences.com\/de\/shop\/vergnuegungsfluege-in-budapest\/","title":{"rendered":"Vergn\u00fcgungsfl\u00fcge in Budapest"},"content":{"rendered":"<p>Der Komfort, die Zufriedenheit und die Sicherheit unserer G\u00e4ste w\u00e4hrend ihrer aufregenden Rundfl\u00fcge haben f\u00fcr uns oberste Priorit\u00e4t. Jede Ma\u00dfnahme, die wir ergreifen, und jede Anfrage, die wir stellen, dient diesen Zielen. <\/p>\n<p>Nach dem Start fliegen wir \u00fcber Buda\u00f6rs, Gazdagr\u00e9t, Kelenf\u00f6ld und den Gell\u00e9rtberg, bis hin zur Pet\u0151fi-Br\u00fccke. Von hier aus k\u00f6nnen wir Budapest von S\u00fcden aus bewundern und den Gell\u00e9rt-H\u00fcgel, die Budaer Burg, die Zitadelle und die Margareteninsel aus der N\u00e4he betrachten. Nach ein paar Runden, um ausreichend Zeit f\u00fcr die Beobachtung zu haben, fliegen wir \u00fcber den Sz\u00e9chenyi-Berg, Normafa und den J\u00e1nos-Berg und machen eine Kurve \u00fcber dem Aussichtspunkt des J\u00e1nos-Bergs zwischen Pasar\u00e9t und H\u0171v\u00f6sv\u00f6lgy. Vom Rosenberg aus fliegen wir dann in Richtung Norden \u00fcber die Margareteninsel. Von hier aus k\u00f6nnen Sie die gesamte Stadt Budapest \u00fcberblicken. Sie sehen das Parlament, die Budaer Burg, die Fischerbastei sowie alle Br\u00fccken von Budapest und nat\u00fcrlich die Pester Seite, einschlie\u00dflich der Ringstra\u00dfen und des Stadtparks, alles aus der Vogelperspektive.     <\/p>\n<p><strong>ERFAHRUNG DETAILS  <\/strong><\/p>\n<ul>\n<li><strong>Das Paket beinhaltet den Rundflug f\u00fcr maximal 2-3 Teilnehmer.<\/strong><\/li>\n<li>Abflug: Flughafen Buda\u00f6rs<\/li>\n<li>Maximale Kapazit\u00e4t: 3 Personen (+ Pilot). Mindestens 2 Erwachsene und ein Kind k\u00f6nnen an dem Flug teilnehmen. Bei 3 Erwachsenen darf ihr Gesamtgewicht 210 kg nicht \u00fcberschreiten.  <\/li>\n<\/ul>\n<ul>\n<li class=\"bullet-checkmark\">Englisch sprechender Ausbilder und Pilot<\/li>\n<\/ul>\n","protected":false},"excerpt":{"rendered":"<p>Bereiten Sie sich auf ein au\u00dfergew\u00f6hnliches und unvergessliches Abenteuer vor, w\u00e4hrend Sie sich unseren erstklassigen Service g\u00f6nnen. Es geht nicht nur um die hochmodernen Flugzeuge, sondern um das Zusammenspiel einer Vielzahl von Elementen, vom herzlichen Empfang unserer Passagiere bis hin zur charismatischen Pers\u00f6nlichkeit unserer Piloten, bis Ihre F\u00fc\u00dfe wieder den Boden ber\u00fchren. Mit Tausenden von erfolgreichen Fl\u00fcgen im R\u00fccken k\u00f6nnen wir Ihnen versichern, dass wir ein unvergleichliches Verst\u00e4ndnis f\u00fcr jeden Aspekt von Rundfl\u00fcgen besitzen.  <\/p>\n<p>Auf der Grundlage unseres umfangreichen Fachwissens haben wir sorgf\u00e4ltig ein einzigartiges und ma\u00dfgeschneidertes Erlebnis zusammengestellt, das Sie erwartet, wenn Sie sich f\u00fcr eines unserer Rundflugpakete entscheiden. Wir haben diese Pakete sorgf\u00e4ltig zusammengestellt, damit sie f\u00fcr jeden Reisenden zug\u00e4nglich und erschwinglich sind. Von erschwinglichen Optionen bis hin zu luxuri\u00f6ser Extravaganz haben Sie eine Vielzahl von M\u00f6glichkeiten, die Ihren Vorlieben entsprechen.  <\/p>\n<p>Jedes Paket wurde sorgf\u00e4ltig zusammengestellt, um die ikonischsten Wahrzeichen vom Himmel zu holen, wie die majest\u00e4tische Burg von Buda, das pr\u00e4chtige Parlamentsgeb\u00e4ude und den bezaubernden Gell\u00e9rt-H\u00fcgel.<\/p>\n<ul>\n<li>20 Minuten: Bestaunen Sie die Sch\u00f6nheit Budapests, w\u00e4hrend Sie dar\u00fcber schweben.<\/li>\n<li>30 Minuten: Begeben Sie sich auf eine Reise nach Szentendre, einer charmanten Stadt am Flussufer.<\/li>\n<li>40 Minuten: Genie\u00dfen Sie einen fernen Blick auf Visegr\u00e1d, dessen majest\u00e4tische Burg auf den H\u00fcgeln thront.<\/li>\n<li>60 Minuten: Fliegen Sie bis nach Esztergom, das atemberaubende Ausblicke und historische Sehensw\u00fcrdigkeiten bietet.<\/li>\n<\/ul>\n","protected":false},"featured_media":758,"comment_status":"open","ping_status":"closed","template":"","meta":{"_acf_changed":false},"product_brand":[],"product_cat":[109],"product_tag":[],"class_list":{"0":"post-2461","1":"product","2":"type-product","3":"status-publish","4":"has-post-thumbnail","6":"product_cat-nicht-kategorisiert","7":"wcpa_has_options","9":"first","10":"instock","11":"sold-individually","12":"shipping-taxable","13":"purchasable","14":"product-type-variable","15":"has-default-attributes"},"acf":[],"wcpa_form_fields":{"wcpaData":{"product":{"product_price":150,"price_html":"<span class=\"woocommerce-Price-amount amount\" aria-hidden=\"true\"><bdi>150&nbsp;<span class=\"woocommerce-Price-currencySymbol\">&euro;<\/span><\/bdi><\/span> <span aria-hidden=\"true\"> \u2013 <\/span> <span class=\"woocommerce-Price-amount amount\" aria-hidden=\"true\"><bdi>300&nbsp;<span class=\"woocommerce-Price-currencySymbol\">&euro;<\/span><\/bdi><\/span><span class=\"screen-reader-text\">Preisspanne: 150&nbsp;&euro; bis 300&nbsp;&euro;<\/span>","original_product_price":150,"price_including_tax":150,"price_excluding_tax":150,"product_id":{"parent":2461,"variation":false},"is_variable":true,"stock_status":"instock","stock_quantity":null,"parent_sku":"","product_attributes":{"pa_airport":{"is_variation":true,"values":[]},"pa_duration":{"is_variation":true,"values":[]}},"custom_fields":[],"is_taxable":false,"product_name":"Vergn\u00fcgungsfl\u00fcge in Budapest","hasImage":false},"fields":{"sec_1064d4c637dc2f5":{"extra":{"key":"sec_1064d4c637dc2f5","section_id":"sec_1064d4c637dc2f5","name":"Default","status":1,"cl_rule":"show","enableCl":false,"relations":[],"toggle":true,"title_tag":"h3","show_title":false,"showPrice":"default","form_id":2532,"form_rules":{"exclude_from_discount":false,"fee_label":"Fee","disp_hide_options_price":false,"disp_show_section_price":false,"disp_show_field_price":true,"layout_option":"standard","pric_use_as_fee":false,"process_fee_as":"woo_fee"},"layout_option":"standard"},"fields":[[{"active":true,"col":6,"relations":false,"cl_rule":"show","enableCl":false,"price":"","enablePrice":false,"className":"","label_position":"default","desc_position":"default","type":"radio-group","required":true,"elementId":"radio_6944765191","label":"Ben\u00f6tigen Sie einen Transport vom Stadtzentrum aus?","name":"radio_6944765191","values":[{"label":"Ja","value":"yes","selected":false,"tempId":"aco_56","gt_translate_keys":["label"]},{"label":"Nein","value":"no","selected":false,"tempId":"aco_57","gt_translate_keys":["label"]}],"layOut":"","error":false,"checkUi":"","isWeightTemplate":false,"isTemplate":false,"min_quantity":"1","quantity_decimal":false,"quantity_step":"1","quantity_label":"Quantity","repeater_field_label":"{field_label}","repeater_bind":"","gt_translate_keys":["label","repeater_field_label","quantity_label"],"price_dependency":false,"cl_dependency":["number_264d4c637dc395"],"value":""}],[{"active":true,"col":6,"relations":[{"operator":false,"rules":[{"operator":"AND","rules":{"cl_field":"radio_6944765191","cl_relation":"is","cl_val":"yes"}}]}],"cl_rule":"show","enableCl":true,"price":"","enablePrice":false,"className":"","label_position":"default","desc_position":"default","type":"number","required":false,"elementId":"number_264d4c637dc395","label":"Anzahl der Personen f\u00fcr den Transfer","name":"number_264d4c637dc395","value":"2","error":false,"enable_quantity":false,"quantity_label":"Person","max":"3","min":"1","requiredError":"To plan the transportation, please let us know how many people will be joining the program.","maxValueError":"This program is limited to a maximum of three individuals.","minValueError":"To plan the transportation, please let us know how many people will be joining the program.","gt_translate_keys":["label","value","quantity_label","requiredError","minValueError","maxValueError"],"price_dependency":false,"cl_dependency":false}],[{"active":true,"col":6,"relations":false,"cl_rule":"show","enableCl":false,"price":"","enablePrice":false,"className":"","label_position":"default","desc_position":"default","type":"date","required":true,"elementId":"date_864d4c637dc3a9","name":"date_864d4c637dc3a9","label":"Bitte w\u00e4hlen Sie einen oder mehrere Tage aus, an denen der Flug f\u00fcr Sie passt:","picker_type":"custom","picker_mode":"multiple","error":false,"date_pic_inline":true,"date_pic_inline_hide":true,"tooltip":"You can select more date ranges","min_date":{"type":"days","val":"1"},"hideFieldIn_cart":true,"hideFieldIn_order":false,"requiredError":"Tell us when you're free, so we can check availability.","gt_translate_keys":["label","tooltip","requiredError"],"price_dependency":false,"cl_dependency":false,"value":""}]]}},"config":{"price_override":"","enable_recaptcha":false,"bind_quantity":false,"quantity_bind_formula":false,"disp_summ_show_option_price":false,"disp_summ_show_product_price":false,"disp_summ_show_total_price":true,"disp_summ_show_fee":false,"disp_summ_show_discount":false,"summary_title":"","options_total_label":"Options Price","total_label":"Total","options_product_label":"Product Price","fee_label":"Fee","discount_label":"Discount","has_price":true,"has_quantity_formula":false},"mc_unit":1,"tax_rate":1,"tax_rate_real":1,"discount":{"percentage":0,"fixed":0},"design":{"conf":{"LabelPosition":"above","DescPosition":"above","UploadField":"custom_1","QuantityFieldStyle":"default"},"css":{"LeftLabelWidth":"120px"}},"formulas":[],"lookuptables":[],"clones":false,"cartKey":false}},"_links":{"self":[{"href":"https:\/\/budapestexperiences.com\/de\/wp-json\/wp\/v2\/product\/2461","targetHints":{"allow":["GET"]}}],"collection":[{"href":"https:\/\/budapestexperiences.com\/de\/wp-json\/wp\/v2\/product"}],"about":[{"href":"https:\/\/budapestexperiences.com\/de\/wp-json\/wp\/v2\/types\/product"}],"replies":[{"embeddable":true,"href":"https:\/\/budapestexperiences.com\/de\/wp-json\/wp\/v2\/comments?post=2461"}],"wp:featuredmedia":[{"embeddable":true,"href":"https:\/\/budapestexperiences.com\/de\/wp-json\/wp\/v2\/media\/758"}],"wp:attachment":[{"href":"https:\/\/budapestexperiences.com\/de\/wp-json\/wp\/v2\/media?parent=2461"}],"wp:term":[{"taxonomy":"product_brand","embeddable":true,"href":"https:\/\/budapestexperiences.com\/de\/wp-json\/wp\/v2\/product_brand?post=2461"},{"taxonomy":"product_cat","embeddable":true,"href":"https:\/\/budapestexperiences.com\/de\/wp-json\/wp\/v2\/product_cat?post=2461"},{"taxonomy":"product_tag","embeddable":true,"href":"https:\/\/budapestexperiences.com\/de\/wp-json\/wp\/v2\/product_tag?post=2461"}],"curies":[{"name":"wp","href":"https:\/\/api.w.org\/{rel}","templated":true}]}}