{"id":2435,"date":"2023-05-30T07:11:24","date_gmt":"2023-05-30T07:11:24","guid":{"rendered":"https:\/\/budapestexperiences.com\/shop\/tank-fahrten\/"},"modified":"2026-01-27T09:17:12","modified_gmt":"2026-01-27T09:17:12","slug":"tank-fahrten","status":"publish","type":"product","link":"https:\/\/budapestexperiences.com\/de\/shop\/tank-fahrten\/","title":{"rendered":"TANK Fahrten in Budapest"},"content":{"rendered":"<p>W\u00e4hlen Sie aus unserer Auswahl an Tanks:<\/p>\n<ul>\n<li>MTLB: Unser beliebtester Panzer, der durch die Steuerung des Bremssystems ein authentisches Panzerfahrgef\u00fchl vermittelt. Wir empfehlen diese Option sehr. Wichtige technische Details: 16.000ccm Motor, 240 Pferdest\u00e4rken, Gewicht von 12 Tonnen.  <\/li>\n<li>SAUER 4K 4FA: Der Inbegriff der Coolness (auf dem Bild als schwarzer Tank zu sehen). Er verf\u00fcgt \u00fcber einen einfachen Lenkmechanismus, der dem eines normalen Autos \u00e4hnelt, mit Automatikgetriebe. Dadurch ist es leicht zu erlernen und erm\u00f6glicht Anf\u00e4ngern, aufregende Geschwindigkeiten zu erreichen. Die wichtigsten technischen Details: 6.800 ccm Motor, 250 PS, Gewicht von 12,5 Tonnen.   <\/li>\n<li>VT55: Das Unget\u00fcm. Dieser Panzer wiegt \u00fcber 40 Tonnen, daher sein Spitzname. Seine Handhabung erfordert mehr Geschicklichkeit, was ihn ideal f\u00fcr diejenigen macht, die bereits Erfahrung im Panzerfahren haben. Wenn Sie dieses Unget\u00fcm zum ersten Mal fahren, ist es vielleicht nicht so unterhaltsam wie die anderen Optionen. Wichtige technische Details: 38.800 ccm Motor, 630 PS, Gewicht von 41 Tonnen.    <\/li>\n<\/ul>\n<p>Erleben Sie das Adrenalin und die Kraft des Panzerfahrens wie nie zuvor!<\/p>\n<ul>\n<li>Altersbeschr\u00e4nkung: 16 Jahre alt (unter 18 Jahren unter elterlicher Aufsicht).<\/li>\n<li>Der VT-55 Panzer kann von Personen ab 20 Jahren gefahren werden.<\/li>\n<li>Gruppengr\u00f6\u00dfe: 1 Fahrer + maximal 8-10 Begleitpersonen. Ein F\u00fchrerschein ist f\u00fcr dieses Erlebnis nicht erforderlich. <\/li>\n<li>F\u00fcr das Fahren des VT-55 Panzers sind mindestens 2 Jahre Fahrpraxis erforderlich.<\/li>\n<\/ul>\n<p><strong>Der Preis beinhaltet:<\/strong><\/p>\n<ul>\n<li class=\"bullet-checkmark\">Kostenloser Transfer f\u00fcr 10 Personen<\/li>\n<li class=\"bullet-checkmark\">Panzerfahren f\u00fcr 1-3 Personen (je nach Paket, die anderen Personen reisen als Passagiere auf dem Panzer mit)<\/li>\n<li class=\"bullet-checkmark\">Training mit einem professionellen Ausbilder.<\/li>\n<li class=\"bullet-checkmark\">Englischsprachige Lehrkraft<\/li>\n<\/ul>\n","protected":false},"excerpt":{"rendered":"<p><strong>Wie k\u00f6nnen wir das unglaubliche Gef\u00fchl, das Sie vor, w\u00e4hrend und nach dem Panzerfahren empfinden k\u00f6nnen, mit anderen teilen?<\/strong>  Wir glauben, dass die Technologie, die diese Erfahrung einfangen kann, noch nicht erfunden worden ist.<\/p>\n<p>Panzerfahren bietet ein wirklich einzigartiges Abenteuer. Im Gegensatz zu normalen Lenkr\u00e4dern werden Panzer mit Hilfe eines Bremssystems auf der Strecke man\u00f6vriert. So k\u00f6nnen Sie Orte erkunden, die selbst f\u00fcr den menschlichen Verstand unvorstellbar erscheinen. <\/p>\n<p>Dieses unvergessliche Erlebnis wird Fahrer und Passagiere garantiert in Erstaunen versetzen. Bei uns haben Sie die M\u00f6glichkeit, verschiedene Panzer und Kampffahrzeuge auszuprobieren. Sobald sich diese kolossalen und ungeheuer leistungsstarken Kettenfahrzeuge in Bewegung setzen, werden Sie sp\u00fcren, wie eine unaufhaltsame Kraft Sie vorw\u00e4rts treibt.  <\/p>\n<p>Das Programm umfasst 3+1 Fahrrunden. Die +1 Runde bedeutet, dass unser professioneller Instruktor den Panzer f\u00e4hrt, was f\u00fcr die Passagiere ein gro\u00dfes Erlebnis bedeutet, da der Instruktor den Panzer mit einer v\u00f6llig anderen Geschwindigkeit und Man\u00f6vern f\u00e4hrt. <\/p>\n<p>Die Dauer des Programms betr\u00e4gt ca. 1 Stunde. <\/p>\n","protected":false},"featured_media":1829,"comment_status":"open","ping_status":"closed","template":"","meta":{"_acf_changed":false},"product_brand":[],"product_cat":[109],"product_tag":[],"class_list":{"0":"post-2435","1":"product","2":"type-product","3":"status-publish","4":"has-post-thumbnail","6":"product_cat-nicht-kategorisiert","7":"wcpa_has_options","9":"first","10":"instock","11":"shipping-taxable","12":"purchasable","13":"product-type-variable"},"acf":[],"wcpa_form_fields":{"wcpaData":{"product":{"product_price":450,"price_html":"<span class=\"woocommerce-Price-amount amount\"><bdi>450&nbsp;<span class=\"woocommerce-Price-currencySymbol\">&euro;<\/span><\/bdi><\/span>","original_product_price":450,"price_including_tax":450,"price_excluding_tax":450,"product_id":{"parent":2435,"variation":false},"is_variable":true,"stock_status":"instock","stock_quantity":null,"parent_sku":"","product_attributes":{"pa_tank_type":{"is_variation":true,"values":[]}},"custom_fields":[],"is_taxable":false,"product_name":"TANK Fahrten in Budapest","hasImage":false},"fields":{"sec_964d4cc5e4f6b8":{"extra":{"key":"sec_964d4cc5e4f6b8","section_id":"sec_964d4cc5e4f6b8","name":"Default","status":1,"cl_rule":"show","enableCl":false,"relations":[],"toggle":true,"title_tag":"h3","show_title":false,"showPrice":"default","form_id":2542,"form_rules":{"exclude_from_discount":false,"fee_label":"Fee","disp_hide_options_price":false,"disp_show_section_price":false,"disp_show_field_price":true,"layout_option":"standard","pric_use_as_fee":false,"process_fee_as":"woo_fee"},"layout_option":"standard"},"fields":[[{"active":true,"col":6,"relations":false,"cl_rule":"show","enableCl":false,"price":"200","enablePrice":false,"className":"","label_position":"default","desc_position":"default","type":"radio-group","required":true,"elementId":"radio_6943395591","label":"Ben\u00f6tigen Sie einen Transport vom Stadtzentrum?","name":"radio_6943395591","values":[{"label":"Ja","value":"yes","selected":false,"tempId":"aco_52","price":"200","gt_translate_keys":["label"]},{"label":"Nein","value":"no","selected":false,"tempId":"aco_53","price":"0","gt_translate_keys":["label"]}],"layOut":"","error":false,"checkUi":"","isWeightTemplate":false,"isTemplate":false,"min_quantity":"1","quantity_decimal":false,"quantity_step":"1","quantity_label":"Quantity","repeater_field_label":"{field_label}","repeater_bind":"","priceOptions":"different_for_all","pricingType":"fixed","use_as_fee":true,"gt_translate_keys":["label","repeater_field_label","quantity_label"],"price_dependency":false,"cl_dependency":["number_964d4cc5e4f732"],"value":""}],[{"active":true,"col":6,"relations":[{"operator":false,"rules":[{"operator":"AND","rules":{"cl_field":"radio_6943395591","cl_relation":"is","cl_val":"yes"}}]}],"cl_rule":"show","enableCl":true,"price":"","enablePrice":false,"className":"","label_position":"default","desc_position":"default","type":"number","required":false,"elementId":"number_964d4cc5e4f732","label":"Anzahl der Personen f\u00fcr den Transfer","name":"number_964d4cc5e4f732","value":"1","error":false,"enable_quantity":false,"quantity_label":"Person","max":"10","min":"1","requiredError":"To plan the transportation, please let us know how many people will be joining the program.","maxValueError":"This program is limited to a maximum of ten individuals.","minValueError":"To plan the transportation, please let us know how many people will be joining the program.","gt_translate_keys":["label","value","quantity_label","requiredError","minValueError","maxValueError"],"price_dependency":false,"cl_dependency":false}],[{"active":true,"col":6,"relations":false,"cl_rule":"show","enableCl":false,"price":"","enablePrice":false,"className":"","label_position":"default","desc_position":"default","type":"date","required":true,"elementId":"date_664d4cc5e4f745","name":"date_664d4cc5e4f745","label":"Bitte w\u00e4hlen Sie einen oder mehrere Tage aus, an denen das Panzerfahren f\u00fcr Sie passt:","picker_type":"custom","picker_mode":"multiple","error":false,"date_pic_inline":true,"date_pic_inline_hide":true,"tooltip":"You can select more date ranges","min_date":{"type":"days","val":"1"},"hideFieldIn_cart":true,"hideFieldIn_order":false,"requiredError":"Tell us when you're free, so we can check availability.","gt_translate_keys":["label","tooltip","requiredError"],"price_dependency":false,"cl_dependency":false,"value":""}]]}},"config":{"price_override":"","enable_recaptcha":false,"bind_quantity":false,"quantity_bind_formula":false,"disp_summ_show_option_price":false,"disp_summ_show_product_price":false,"disp_summ_show_total_price":true,"disp_summ_show_fee":false,"disp_summ_show_discount":false,"summary_title":"","options_total_label":"Options Price","total_label":"Total","options_product_label":"Product Price","fee_label":"Fee","discount_label":"Discount","has_price":true,"has_quantity_formula":false},"mc_unit":1,"tax_rate":1,"tax_rate_real":1,"discount":{"percentage":0,"fixed":0},"design":{"conf":{"LabelPosition":"above","DescPosition":"above","UploadField":"custom_1","QuantityFieldStyle":"default"},"css":{"LeftLabelWidth":"120px"}},"formulas":[],"lookuptables":[],"clones":false,"cartKey":false}},"_links":{"self":[{"href":"https:\/\/budapestexperiences.com\/de\/wp-json\/wp\/v2\/product\/2435","targetHints":{"allow":["GET"]}}],"collection":[{"href":"https:\/\/budapestexperiences.com\/de\/wp-json\/wp\/v2\/product"}],"about":[{"href":"https:\/\/budapestexperiences.com\/de\/wp-json\/wp\/v2\/types\/product"}],"replies":[{"embeddable":true,"href":"https:\/\/budapestexperiences.com\/de\/wp-json\/wp\/v2\/comments?post=2435"}],"wp:featuredmedia":[{"embeddable":true,"href":"https:\/\/budapestexperiences.com\/de\/wp-json\/wp\/v2\/media\/1829"}],"wp:attachment":[{"href":"https:\/\/budapestexperiences.com\/de\/wp-json\/wp\/v2\/media?parent=2435"}],"wp:term":[{"taxonomy":"product_brand","embeddable":true,"href":"https:\/\/budapestexperiences.com\/de\/wp-json\/wp\/v2\/product_brand?post=2435"},{"taxonomy":"product_cat","embeddable":true,"href":"https:\/\/budapestexperiences.com\/de\/wp-json\/wp\/v2\/product_cat?post=2435"},{"taxonomy":"product_tag","embeddable":true,"href":"https:\/\/budapestexperiences.com\/de\/wp-json\/wp\/v2\/product_tag?post=2435"}],"curies":[{"name":"wp","href":"https:\/\/api.w.org\/{rel}","templated":true}]}}