{"id":2429,"date":"2023-05-16T16:20:56","date_gmt":"2023-05-16T16:20:56","guid":{"rendered":"https:\/\/budapestexperiences.com\/shop\/atv-quad-touren-in-budapest\/"},"modified":"2025-07-21T18:59:14","modified_gmt":"2025-07-21T18:59:14","slug":"atv-quad-touren-in-budapest","status":"publish","type":"product","link":"https:\/\/budapestexperiences.com\/de\/shop\/atv-quad-touren-in-budapest\/","title":{"rendered":"ATV \/ QUAD Touren in Budapest"},"content":{"rendered":"<p>Zur Begr\u00fc\u00dfung laden wir Sie zu kostenlosen Erfrischungen, einschlie\u00dflich Softdrinks, Kaffee und Tee, in unsere gem\u00fctliche, klimatisierte Lounge ein.<\/p>\n<p>Seien Sie versichert, dass Ihre Tour v\u00f6llig individuell gestaltet wird. Wir werden Ihr Abenteuer nicht behindern, indem wir Ihr Tempo drosseln oder Sie von waghalsigen Man\u00f6vern abhalten. Wir m\u00f6chten, dass Sie das Beste aus sich und dem QUAD herausholen! Deshalb bieten wir vor jeder Tour eine kostenlose Einsch\u00e4tzung Ihrer F\u00e4higkeiten an, um sicherzustellen, dass Sie das n\u00f6tige Training erhalten, ohne dass die Zeit f\u00fcr Ihre Tour verloren geht.   <\/p>\n<ul>\n<li>Ein F\u00fchrerschein ist f\u00fcr diese Erfahrung nicht erforderlich<\/li>\n<li>Altersgrenze: ab 16 Jahren<\/li>\n<li>Eine Erfahrung, die man das ganze Jahr \u00fcber machen kann!<\/li>\n<\/ul>\n<p><strong>Der Preis beinhaltet:<\/strong><\/p>\n<ul>\n<li class=\"bullet-checkmark\">Kostenloser Transfer f\u00fcr 2-4 Personen<\/li>\n<li class=\"bullet-checkmark\">Willkommenskaffee oder alkoholfreie Getr\u00e4nke<\/li>\n<li class=\"bullet-checkmark\">Kostenloses Training mit einem professionellen Ausbilder vor der Tour.<\/li>\n<li class=\"bullet-checkmark\">Englischsprachige Lehrkraft<\/li>\n<\/ul>\n","protected":false},"excerpt":{"rendered":"<p><strong>Entdecken Sie die Einzigartigkeit mit unseren exklusiven QUAD-Touren!<\/strong><\/p>\n<p>Keine Grenzen, kein Zur\u00fcckhalten! Wir schr\u00e4nken Sie nicht ein, sondern ermutigen Sie nur dazu, das Gaspedal durchzudr\u00fccken! Entfesseln Sie Ihr wahres Potenzial und erleben Sie den Nervenkitzel unserer erstklassigen QUAD-Fahrzeuge. Von aufregenden Drifts bis hin zu rasanten Spr\u00fcngen &#8211; Sie haben die Wahl!   <\/p>\n<p>Jede Tour mit uns ist ein VIP-Erlebnis, das ausschlie\u00dflich auf Sie zugeschnitten ist. Sie sind der einzige Teilnehmer und erhalten w\u00e4hrend der gesamten Reise unsere ungeteilte Aufmerksamkeit. <\/p>\n<p>Auf unseren privaten Touren k\u00f6nnen Sie alles erkunden, was in Ihren M\u00f6glichkeiten liegt. Wir stellen Ihnen alle wichtigen Ausr\u00fcstungsgegenst\u00e4nde zur Verf\u00fcgung, von Handschuhen \u00fcber Helme bis hin zu Schutzkleidung, so dass Sie Ihre aufregende Reise sorgenfrei antreten k\u00f6nnen. <\/p>\n<p>Schlie\u00dfen Sie sich uns an und lassen Sie uns die Grenzen des Abenteuers neu definieren. Machen Sie sich bereit f\u00fcr ein unvergessliches QUAD-Erlebnis wie kein anderes! <\/p>\n","protected":false},"featured_media":1725,"comment_status":"open","ping_status":"closed","template":"","meta":{"_acf_changed":false},"product_brand":[],"product_cat":[109],"product_tag":[],"class_list":{"0":"post-2429","1":"product","2":"type-product","3":"status-publish","4":"has-post-thumbnail","6":"product_cat-nicht-kategorisiert","7":"wcpa_has_options","9":"first","10":"instock","11":"sold-individually","12":"shipping-taxable","13":"purchasable","14":"product-type-variable"},"acf":[],"wcpa_form_fields":{"wcpaData":{"product":{"product_price":90,"price_html":"<span class=\"woocommerce-Price-amount amount\" aria-hidden=\"true\"><bdi>90&nbsp;<span class=\"woocommerce-Price-currencySymbol\">&euro;<\/span><\/bdi><\/span> <span aria-hidden=\"true\"> \u2013 <\/span> <span class=\"woocommerce-Price-amount amount\" aria-hidden=\"true\"><bdi>150&nbsp;<span class=\"woocommerce-Price-currencySymbol\">&euro;<\/span><\/bdi><\/span><span class=\"screen-reader-text\">Preisspanne: 90&nbsp;&euro; bis 150&nbsp;&euro;<\/span>","original_product_price":90,"price_including_tax":90,"price_excluding_tax":90,"product_id":{"parent":2429,"variation":false},"is_variable":true,"stock_status":"instock","stock_quantity":null,"parent_sku":"","product_attributes":{"pa_duration":{"is_variation":true,"values":[]}},"custom_fields":[],"is_taxable":false,"product_name":"ATV \/ QUAD Touren in Budapest","hasImage":false},"fields":{"sec_364d49899d9a2f":{"extra":{"key":"sec_364d49899d9a2f","section_id":"sec_364d49899d9a2f","name":"Default","status":1,"cl_rule":"show","enableCl":false,"relations":[],"toggle":true,"title_tag":"h3","show_title":false,"showPrice":"default","form_id":2537,"form_rules":{"exclude_from_discount":false,"fee_label":"Fee","disp_hide_options_price":false,"disp_show_section_price":false,"disp_show_field_price":true,"layout_option":"standard","pric_use_as_fee":false,"process_fee_as":"woo_fee"},"layout_option":"standard"},"fields":[[{"active":true,"col":3,"relations":false,"cl_rule":"show","enableCl":false,"price":"{product_price}*{value}","enablePrice":true,"className":"","label_position":"default","desc_position":"default","type":"number","required":true,"elementId":"number_6545228101","label":"Anzahl der Quads \/ ATVs?","name":"number_6545228101","value":"2","error":false,"placeholder":"2","pricingType":"custom","isTemplate":false,"requiredError":"To help with planning, could you please let us know how many quads \/ ATVs you'll need for the trip?","minValueError":"The trip starts with a minimum of two individuals.","min":"2","gt_translate_keys":["label","placeholder","value","requiredError","minValueError"],"price_dependency":false,"cl_dependency":false},{"label":"Wie viele davon sind Zweisitzer?","active":true,"required":true,"elementId":"number-4646366624","value":"0","placeholder":"If you would like to travel together","name":"number-4646366624","label_position":"default","desc_position":"default","enablePrice":true,"className":"","enableCl":false,"relations":false,"pricingType":"custom","price":"{product_price}*{value}","use_as_fee":true,"cl_rule":"show","col":3,"type":"number","error":false,"isTemplate":false,"min":"0","requiredError":"To help with planning, could you please let us know how many 2 seater quads \/ ATVs you'll need for the trip?","minValueError":"To help with planning, could you please let us know how many 2 seater quads \/ ATVs you'll need for the trip?","tooltip":"You can share a Quad\/ATV with another person, but kindly let us know how many 2-seater Quads you'll require.","gt_translate_keys":["label","placeholder","value","tooltip","requiredError","minValueError"],"price_dependency":false,"cl_dependency":false}],[{"active":true,"col":6,"relations":false,"cl_rule":"show","enableCl":false,"price":"","enablePrice":false,"className":"","label_position":"default","desc_position":"default","type":"radio-group","required":true,"elementId":"radio_4507715194","label":"Ben\u00f6tigen Sie einen Transport vom Stadtzentrum aus?","name":"radio_4507715194","values":[{"label":"Ja","value":"yes","selected":false,"tempId":"aco_249","gt_translate_keys":["label"]},{"label":"Nein","value":"no","selected":false,"tempId":"aco_250","gt_translate_keys":["label"]}],"layOut":"","error":false,"checkUi":"","isWeightTemplate":false,"isTemplate":false,"min_quantity":"1","quantity_decimal":false,"quantity_step":"1","quantity_label":"Quantity","repeater_field_label":"{field_label}","repeater_bind":"","gt_translate_keys":["label","repeater_field_label","quantity_label"],"price_dependency":false,"cl_dependency":["number_1064d49899d9a5e"],"value":""}],[{"active":true,"col":6,"relations":[{"operator":false,"rules":[{"operator":"AND","rules":{"cl_field":"radio_4507715194","cl_relation":"is","cl_val":"yes"}}]}],"cl_rule":"show","enableCl":true,"price":"","enablePrice":false,"className":"","label_position":"default","desc_position":"default","type":"number","required":false,"elementId":"number_1064d49899d9a5e","label":"Anzahl der Personen f\u00fcr den Transfer","name":"number_1064d49899d9a5e","value":"2","error":false,"enable_quantity":false,"quantity_label":"Person","min":"2","minValueError":"The trip starts with a minimum of two individuals.To plan the transportation, please let us know how many people will be joining the program","requiredError":"To plan the transportation, please let us know how many people will be joining the program","gt_translate_keys":["label","value","quantity_label","requiredError","minValueError"],"price_dependency":false,"cl_dependency":false}],[{"active":true,"col":6,"relations":false,"cl_rule":"show","enableCl":false,"price":"","enablePrice":false,"className":"","label_position":"default","desc_position":"default","type":"date","required":true,"elementId":"date_564d49899d9a6f","name":"date_564d49899d9a6f","label":"Bitte w\u00e4hlen Sie einen oder mehrere Tage aus, an denen der Ausflug f\u00fcr Sie passt:","picker_type":"custom","picker_mode":"multiple","error":false,"date_pic_inline":true,"date_pic_inline_hide":true,"tooltip":"You can select more date ranges","min_date":{"type":"days","val":"1"},"hideFieldIn_cart":true,"hideFieldIn_order":false,"requiredError":"Tell us when you're free, so we can check availability.","gt_translate_keys":["label","tooltip","requiredError"],"price_dependency":false,"cl_dependency":false,"value":""}]]}},"config":{"price_override":"","enable_recaptcha":false,"bind_quantity":false,"quantity_bind_formula":false,"disp_summ_show_option_price":false,"disp_summ_show_product_price":false,"disp_summ_show_total_price":true,"disp_summ_show_fee":false,"disp_summ_show_discount":false,"summary_title":"","options_total_label":"Options Price","total_label":"Total","options_product_label":"Product Price","fee_label":"Fee","discount_label":"Discount","has_price":true,"has_quantity_formula":false},"mc_unit":1,"tax_rate":1,"tax_rate_real":1,"discount":{"percentage":0,"fixed":0},"design":{"conf":{"LabelPosition":"above","DescPosition":"above","UploadField":"custom_1","QuantityFieldStyle":"default"},"css":{"LeftLabelWidth":"120px"}},"formulas":[],"lookuptables":[],"clones":false,"cartKey":false}},"_links":{"self":[{"href":"https:\/\/budapestexperiences.com\/de\/wp-json\/wp\/v2\/product\/2429","targetHints":{"allow":["GET"]}}],"collection":[{"href":"https:\/\/budapestexperiences.com\/de\/wp-json\/wp\/v2\/product"}],"about":[{"href":"https:\/\/budapestexperiences.com\/de\/wp-json\/wp\/v2\/types\/product"}],"replies":[{"embeddable":true,"href":"https:\/\/budapestexperiences.com\/de\/wp-json\/wp\/v2\/comments?post=2429"}],"wp:featuredmedia":[{"embeddable":true,"href":"https:\/\/budapestexperiences.com\/de\/wp-json\/wp\/v2\/media\/1725"}],"wp:attachment":[{"href":"https:\/\/budapestexperiences.com\/de\/wp-json\/wp\/v2\/media?parent=2429"}],"wp:term":[{"taxonomy":"product_brand","embeddable":true,"href":"https:\/\/budapestexperiences.com\/de\/wp-json\/wp\/v2\/product_brand?post=2429"},{"taxonomy":"product_cat","embeddable":true,"href":"https:\/\/budapestexperiences.com\/de\/wp-json\/wp\/v2\/product_cat?post=2429"},{"taxonomy":"product_tag","embeddable":true,"href":"https:\/\/budapestexperiences.com\/de\/wp-json\/wp\/v2\/product_tag?post=2429"}],"curies":[{"name":"wp","href":"https:\/\/api.w.org\/{rel}","templated":true}]}}