{"id":1393,"date":"2023-11-26T18:40:11","date_gmt":"2023-11-26T18:40:11","guid":{"rendered":"https:\/\/budapestexperiences.com\/?post_type=product&#038;p=1393"},"modified":"2023-11-28T14:08:53","modified_gmt":"2023-11-28T14:08:53","slug":"paintball","status":"publish","type":"product","link":"https:\/\/budapestexperiences.com\/de\/shop\/paintball\/","title":{"rendered":"Paintball"},"content":{"rendered":"","protected":false},"excerpt":{"rendered":"<p><span data-sheets-root=\"1\" data-sheets-value=\"{&quot;1&quot;:2,&quot;2&quot;:&quot;You are welcome to our indoor and outdoor fields in Budapest and T\u00f6k\u00f6l all year round! You can choose from our 8 fields in T\u00f6k\u00f6l, and in Budapest you can play every day of the year in The Cave, whatever the weather may be. You are sure to find your favorite! \\nPaintball is a safe, yet exciting recreational sports game, recommended over the age of 12.\\n&quot;}\" data-sheets-userformat=\"{&quot;2&quot;:513,&quot;3&quot;:{&quot;1&quot;:0},&quot;12&quot;:0}\">You are welcome to our indoor and outdoor fields in Budapest and T\u00f6k\u00f6l all year round! You can choose from our 8 fields in T\u00f6k\u00f6l, and in Budapest you can play every day of the year in The Cave, whatever the weather may be. You are sure to find your favorite!<br \/>\nPaintball is a safe, yet exciting recreational sports game, recommended over the age of 12.<br \/>\n<\/span><\/p>\n","protected":false},"featured_media":1479,"comment_status":"open","ping_status":"closed","template":"","meta":{"_acf_changed":false},"product_brand":[],"product_cat":[18],"product_tag":[],"class_list":{"0":"post-1393","1":"product","2":"type-product","3":"status-publish","4":"has-post-thumbnail","6":"product_cat-uncategorized","8":"first","9":"instock","10":"shipping-taxable","11":"purchasable","12":"product-type-variable"},"acf":[],"wcpa_form_fields":null,"_links":{"self":[{"href":"https:\/\/budapestexperiences.com\/de\/wp-json\/wp\/v2\/product\/1393","targetHints":{"allow":["GET"]}}],"collection":[{"href":"https:\/\/budapestexperiences.com\/de\/wp-json\/wp\/v2\/product"}],"about":[{"href":"https:\/\/budapestexperiences.com\/de\/wp-json\/wp\/v2\/types\/product"}],"replies":[{"embeddable":true,"href":"https:\/\/budapestexperiences.com\/de\/wp-json\/wp\/v2\/comments?post=1393"}],"wp:featuredmedia":[{"embeddable":true,"href":"https:\/\/budapestexperiences.com\/de\/wp-json\/wp\/v2\/media\/1479"}],"wp:attachment":[{"href":"https:\/\/budapestexperiences.com\/de\/wp-json\/wp\/v2\/media?parent=1393"}],"wp:term":[{"taxonomy":"product_brand","embeddable":true,"href":"https:\/\/budapestexperiences.com\/de\/wp-json\/wp\/v2\/product_brand?post=1393"},{"taxonomy":"product_cat","embeddable":true,"href":"https:\/\/budapestexperiences.com\/de\/wp-json\/wp\/v2\/product_cat?post=1393"},{"taxonomy":"product_tag","embeddable":true,"href":"https:\/\/budapestexperiences.com\/de\/wp-json\/wp\/v2\/product_tag?post=1393"}],"curies":[{"name":"wp","href":"https:\/\/api.w.org\/{rel}","templated":true}]}}